{"id":444,"date":"2017-12-28T15:45:33","date_gmt":"2017-12-28T15:45:33","guid":{"rendered":"http:\/\/staging12.s3-advertising.com\/?page_id=444"},"modified":"2020-04-25T06:04:11","modified_gmt":"2020-04-25T06:04:11","slug":"agb","status":"publish","type":"page","link":"https:\/\/houbencoaching.com\/en\/agb\/","title":{"rendered":"AGB"},"content":{"rendered":"<div class=\"wrc-column-grid wrc-column-grid-2\">\n<div  class=\"wrc-column wrc-column-width-1 wrc-column-start\" >\n<h3>Beratungsbestimmungen \u2013 AGB 1\/2020<\/h3>\n<h3>Pr\u00e4ambel<\/h3>\n<p>Der Klient (hier geschlechtsneutral verwendet) oder das Unternehmen beauftragt Stephanie Houben mit den Aufgaben gem\u00e4\u00df separater Vereinbarung.<\/p>\n<p>Im Rahmen der Beratung wird Frau Stephanie Houben mit ihren Erfahrungen und F\u00e4higkeiten dem Unternehmen L\u00f6sungen pr\u00e4sentieren, die dem Stand der Entwicklung der Branche und \u2013 nach ihrer begr\u00fcndeten Auffassung \u2013 den Bed\u00fcrfnissen des Klienten\/Unternehmens in bester Weise gerecht werden.<\/p>\n<p>Frau Houben erkl\u00e4rt sich bereit, im Rahmen einer zeitlichen Absprache, die vorgeschlagenen L\u00f6sungen zu begleiten, oder auch im Namen des Klienten\/Unternehmens Teilaufgaben selbst durchzuf\u00fchren.<\/p>\n<p>Alle von Frau Houben gemachten Vorschl\u00e4ge sind objektiv und unterliegen keiner wie auch immer gearteten Abh\u00e4ngigkeit von anderen Firmen oder Personen.<\/p>\n<h3>I. Aufgabenstellung<\/h3>\n<p>Die Aufgaben und zu erzielenden Ergebnisse sind im Einzelnen durch die vorgenannte Leistungsbeschreibung sowie den Zeitplan eingegrenzt.<\/p>\n<p>Der Klient\/Das Unternehmen wird Frau Korte die erforderlichen Ausk\u00fcnfte geben oder die zu benennenden Personen f\u00fcr notwendige Abkl\u00e4rungsgespr\u00e4che freistellen.<\/p>\n<p>Frau Houben wird in abgesprochenen Abst\u00e4nden Zwischenergebnisse vorlegen bzw. Vorschl\u00e4ge diskutieren, um die weitere Arbeit durchf\u00fchren zu k\u00f6nnen.<\/p>\n<h3>II. Vorgehensweise<\/h3>\n<p>Unabh\u00e4ngig von Einzelabsprachen im Rahmen der Leistungsbeschreibung, besteht die Aufgabe der Beratung bzw. des Coachings im Wesentlichen aus<\/p>\n<ul>\n<li>der Analyse des Ist-Zustandes<\/li>\n<li>der Pr\u00fcfung und Entwicklung alternativer Vorgehensweisen<\/li>\n<li>der Pr\u00e4sentation begr\u00fcndeter Vorschl\u00e4ge einschlie\u00dflich der dazu erforderlichen Handlungshinweise<\/li>\n<li>der Umsetzung der gemachten Vorschl\u00e4ge (je nach Vereinbarung)<\/li>\n<\/ul>\n<h3>III. Art und Umfang der Leistungen<\/h3>\n<p>Gem\u00e4\u00df Leistungsbeschreibung\/Angebot und schriftlicher Vereinbarung<\/p>\n<h3>IV. Art der Zusammenarbeit<\/h3>\n<p>In allen Entwicklungs- und Realisierungsphasen arbeitet der Klient\/das Unternehmen eng und vertrauensvoll mit Frau Houben zusammen.<\/p>\n<p>Frau Houben steht selbst f\u00fcr jeden Kontakt zur Verf\u00fcgung, es sei denn, dass im Rahmen der Abwicklung des Auftrages Teilaufgaben von ihr an andere Personen weitergegeben werden. Auch in einem solchen Fall verbleibt aber die gesamte Verantwortung f\u00fcr die Abwicklung des Auftrages bei Frau Houben.<\/p>\n<h3>V. Zeitaufwand und Honorar<\/h3>\n<p>Der Zeitaufwand ist, wie vereinbart oder gem. beigef\u00fcgtem Plan, eingegrenzt.<\/p>\n<p>Honorare: Siehe schriftliches Angebot.<\/p>\n<p>Fr\u00fchzeitige Verschiebungen von vereinbarten Terminen sind ohne Kosten prinzipiell m\u00f6glich. Kurzfristige Verschiebungen (innerhalb von 24 Std.) f\u00fchren zur Berechnung der entstandenen Kosten, mindestens aber die H\u00e4lfte der vereinbarten Honorare.<\/p>\n<h3>VI. Zahlungsbedingungen<\/h3>\n<p>Falls nicht im Angebot anders vorgeschlagen, gelten folgende Zahlungsrhythmen als vereinbart:<\/p>\n<p>a) 1\/3 der berechneten Gesamtsumme als Anzahlung zur Ausl\u00f6sung der Vertragslaufzeit<\/p>\n<p>b) 1\/3 nach Ablauf der H\u00e4lfte der im Zeitplan vorgesehenen Zeit und\/oder auf monatliche Rechnung, je nach Dauer der Beratungsvereinbarung<\/p>\n<p>c) 1\/3 nach Abschluss der Arbeiten und \u00dcbergabe des Beratungsberichtes oder<\/p>\n<p>d) gem\u00e4\u00df separater Absprache \u2013 abh\u00e4ngig von der Beratungsdauer<\/p>\n<p>F\u00fcr jede Rate werden separate Rechnungen aufgemacht, die zur sofortigen Zahlung \u2013 ohne Abzug \u2013 auf das angegebene Konto f\u00e4llig sind.<\/p>\n<p>Der Zahlungseingang gilt als Vertragserf\u00fcllung und alle weiteren Aufgaben sind an den fristgerechten Zahlungseingang gebunden.<\/p>\n<\/div>\n<div  class=\"wrc-column wrc-column-width-1 wrc-column-end\" >\n<p>Sind nur tempor\u00e4re Coaching- oder Beratungsleistungen \u2013 wie z. B. begleitende Beratung, Beratungsgespr\u00e4che, Schulung, Training, Coaching, oder \u00e4hnliches \u2013 vereinbart, erfolgt die Zahlung gegen monatliche Abrechnungen mit den vereinbarten Belegen. Im Falle von Coaching per Online oder Telefon werden die Zeiten \u2013aus Abrechnungsgr\u00fcnden \u2013 auf volle 10 Minuten aufgerundet.<\/p>\n<h3>VII. Laufzeit und K\u00fcndigung<\/h3>\n<p>Der Vertrag beginnt mit dem im Angebot fixierten Datum und l\u00e4uft entsprechend dem Zeitplan. Eventuell erforderliche Verschiebungen werden schriftlich vereinbart.<\/p>\n<p>Der Vertrag endet automatisch mit \u00dcbergabe des endg\u00fcltigen Berichtes bzw. nach festgelegtem Datum.<\/p>\n<p>Eine vorzeitige K\u00fcndigung ist unter Anrechnung der geleisteten Arbeit und Zahlung der betreffenden Beratungshonorare (zuz\u00fcglich 30 % des verbleibenden Auftragswertes f\u00fcr Nichtannahme anderer Auftr\u00e4ge), jederzeit dann m\u00f6glich, wenn die Erreichung des Beratungszieles trotz Nachfristsetzung gef\u00e4hrdet ist. Dies gilt f\u00fcr beide Vertragsparteien.<\/p>\n<p>Eine vereinbarte, aber ausbleibende, Zahlung berechtigt Stephanie Houben zur fristlosen K\u00fcndigung und Berechnung der gutgl\u00e4ubig aufgewendeten Vorarbeiten f\u00fcr die fristgerechte Erf\u00fcllung des Vertrages.<\/p>\n<h3>VIII. Schiedsgericht<\/h3>\n<p>F\u00fcr den Fall einer nicht zu kl\u00e4renden Meinungsverschiedenheit der Parteien unterwerfen diese sich dem Schiedsgericht D\u00fcsseldorf. Ein entsprechender Schiedsspruch gilt f\u00fcr beide Parteien gleicherma\u00dfen, unter Ausschluss und zur Vermeidung der ordentlichen Gerichtsbarkeit.<\/p>\n<h3>IX. Geheimhaltungspflicht<\/h3>\n<p>Frau Houben verpflichtet sich, alle \u2013 ihr im Laufe der Beratung bekannt werdenden \u2013 Firmeninterna streng vertraulich zu behandeln und diese Informationen zu keiner Zeit (au\u00dfer in Absprache mit dem Unternehmen oder in pflichtgem\u00e4\u00dfer Erf\u00fcllung des Vertrages) Dritten gegen\u00fcber zu verwenden.<\/p>\n<h3>X. Gew\u00e4hrleistung<\/h3>\n<p>Frau Houben betreut das Unternehmen nach bestem Wissen und Gewissen. Bei ihrer T\u00e4tigkeit hat sie die Pflichten eines ordentlichen Kaufmannes nach \u00a7 347 HGB zu wahren.<\/p>\n<h3>XI. Haftung<\/h3>\n<p>Soweit nicht unter den o.g. Ziffern etwas Abweichendes geregelt ist, ist jegliche vertragliche oder au\u00dfervertragliche Haftung ohne R\u00fccksicht auf die Rechtsnatur des geltend gemachten Anspruchs vollst\u00e4ndig ausgeschlossen: Houben Coaching haftet nach den gesetzlichen Bestimmungen, sofern der Kunde Schadensersatzanspr\u00fcche geltend macht, die auf Vorsatz oder grober Fahrl\u00e4ssigkeit, einschlie\u00dflich von Vorsatz oder grober Fahrl\u00e4ssigkeit der Vertreter oder Erf\u00fcllungsgehilfen von Houben Coaching beruhen. Soweit keine vors\u00e4tzliche Vertragsverletzung angelastet wird, ist die Schadensersatzhaftung auf den vorhersehbaren, typischerweise eintretenden Schaden begrenzt. Houben Coaching haftet nach den gesetzlichen Bestimmungen, sofern schuldhaft eine wesentliche Vertragspflicht verletzt; in diesem Fall ist aber die Schadensersatzhaftung auf den vorhersehbaren, typischerweise eintretenden Schaden begrenzt. Die Haftung wegen schuldhafter Verletzung des Lebens, des K\u00f6rpers oder der Gesundheit bleibt unber\u00fchrt; dies gilt auch f\u00fcr die zwingende Haftung nach dem Produkthaftungsgesetz. Die vorstehenden Haftungsbegrenzungen gelten auch, wenn der Kunde anstelle eines Schadensersatzes den Ersatz nutzloser Aufwendungen verlangt.<\/p>\n<p>Des Weiteren gelten die vorstehenden Haftungsbeschr\u00e4nkungen auch im Hinblick auf die pers\u00f6nliche Schadensersatzhaftung der Angestellten, Arbeitnehmer, sonstigen Mitarbeiter, Vertreter und Erf\u00fcllungsgehilfen von Houben Coaching. Dem Kunden ist bekannt, dass er im Rahmen seiner Obliegenheit zur Schadensminderung insbesondere f\u00fcr eine regelm\u00e4\u00dfige Sicherung seiner Daten zu sorgen hat. Houben Coaching haftet f\u00fcr den Verlust von Daten nur f\u00fcr den Umfang, dessen er nachgekommen ist.<\/p>\n<h3>XII. Sonstiges<\/h3>\n<p>Werden einzelne Bestimmungen dieses Vertrages nichtig, so bleibt die Wirksamkeit der \u00fcbrigen Bestimmungen davon unber\u00fchrt. \u00c4nderungen und Erg\u00e4nzungen dieses Vertrages bed\u00fcrfen der Schriftform. Erf\u00fcllungsort und Gerichtsstand f\u00fcr alle sich aus dem Vertrag ergebenden Rechte und Pflichten ist D\u00fcsseldorf.<\/p>\n<\/div>\n<\/div>\n<p><!-- .wrc-column-grid --><\/p>\n","protected":false},"excerpt":{"rendered":"","protected":false},"author":1,"featured_media":0,"parent":0,"menu_order":0,"comment_status":"closed","ping_status":"closed","template":"","meta":{"content-type":"","ocean_post_layout":"","ocean_both_sidebars_style":"","ocean_both_sidebars_content_width":0,"ocean_both_sidebars_sidebars_width":0,"ocean_sidebar":"","ocean_second_sidebar":"","ocean_disable_margins":"enable","ocean_add_body_class":"","ocean_shortcode_before_top_bar":"","ocean_shortcode_after_top_bar":"","ocean_shortcode_before_header":"","ocean_shortcode_after_header":"","ocean_has_shortcode":"","ocean_shortcode_after_title":"","ocean_shortcode_before_footer_widgets":"","ocean_shortcode_after_footer_widgets":"","ocean_shortcode_before_footer_bottom":"","ocean_shortcode_after_footer_bottom":"","ocean_display_top_bar":"default","ocean_display_header":"default","ocean_header_style":"","ocean_center_header_left_menu":"","ocean_custom_header_template":"","ocean_custom_logo":0,"ocean_custom_retina_logo":0,"ocean_custom_logo_max_width":0,"ocean_custom_logo_tablet_max_width":0,"ocean_custom_logo_mobile_max_width":0,"ocean_custom_logo_max_height":0,"ocean_custom_logo_tablet_max_height":0,"ocean_custom_logo_mobile_max_height":0,"ocean_header_custom_menu":"","ocean_menu_typo_font_family":"","ocean_menu_typo_font_subset":"","ocean_menu_typo_font_size":0,"ocean_menu_typo_font_size_tablet":0,"ocean_menu_typo_font_size_mobile":0,"ocean_menu_typo_font_size_unit":"px","ocean_menu_typo_font_weight":"","ocean_menu_typo_font_weight_tablet":"","ocean_menu_typo_font_weight_mobile":"","ocean_menu_typo_transform":"","ocean_menu_typo_transform_tablet":"","ocean_menu_typo_transform_mobile":"","ocean_menu_typo_line_height":0,"ocean_menu_typo_line_height_tablet":0,"ocean_menu_typo_line_height_mobile":0,"ocean_menu_typo_line_height_unit":"","ocean_menu_typo_spacing":0,"ocean_menu_typo_spacing_tablet":0,"ocean_menu_typo_spacing_mobile":0,"ocean_menu_typo_spacing_unit":"","ocean_menu_link_color":"","ocean_menu_link_color_hover":"","ocean_menu_link_color_active":"","ocean_menu_link_background":"","ocean_menu_link_hover_background":"","ocean_menu_link_active_background":"","ocean_menu_social_links_bg":"","ocean_menu_social_hover_links_bg":"","ocean_menu_social_links_color":"","ocean_menu_social_hover_links_color":"","ocean_disable_title":"default","ocean_disable_heading":"default","ocean_post_title":"","ocean_post_subheading":"","ocean_post_title_style":"","ocean_post_title_background_color":"","ocean_post_title_background":0,"ocean_post_title_bg_image_position":"","ocean_post_title_bg_image_attachment":"","ocean_post_title_bg_image_repeat":"","ocean_post_title_bg_image_size":"","ocean_post_title_height":0,"ocean_post_title_bg_overlay":0.5,"ocean_post_title_bg_overlay_color":"","ocean_disable_breadcrumbs":"default","ocean_breadcrumbs_color":"","ocean_breadcrumbs_separator_color":"","ocean_breadcrumbs_links_color":"","ocean_breadcrumbs_links_hover_color":"","ocean_display_footer_widgets":"default","ocean_display_footer_bottom":"default","ocean_custom_footer_template":"","footnotes":""},"class_list":["post-444","page","type-page","status-publish","hentry","entry","owp-thumbs-layout-horizontal","owp-btn-normal","owp-tabs-layout-horizontal","has-no-thumbnails","has-product-nav"],"translation":{"provider":"WPGlobus","version":"3.0.2","language":"en","enabled_languages":["de","en"],"languages":{"de":{"title":true,"content":true,"excerpt":false},"en":{"title":false,"content":false,"excerpt":false}}},"yoast_head":"<!-- This site is optimized with the Yoast SEO plugin v27.4 - https:\/\/yoast.com\/product\/yoast-seo-wordpress\/ -->\n<title>AGB - Stephanie Houben - Female Empowerment<\/title>\n<meta name=\"robots\" content=\"index, follow, max-snippet:-1, max-image-preview:large, max-video-preview:-1\" \/>\n<link rel=\"canonical\" href=\"https:\/\/houbencoaching.com\/agb\/\" \/>\n<meta property=\"og:locale\" content=\"en_US\" \/>\n<meta property=\"og:type\" content=\"article\" \/>\n<meta property=\"og:title\" content=\"AGB - Stephanie Houben - Female Empowerment\" \/>\n<meta property=\"og:url\" content=\"https:\/\/houbencoaching.com\/agb\/\" \/>\n<meta property=\"og:site_name\" content=\"Stephanie Houben - Female Empowerment\" \/>\n<meta property=\"article:publisher\" content=\"https:\/\/www.facebook.com\/houbencoaching\" \/>\n<meta property=\"article:modified_time\" content=\"2020-04-25T06:04:11+00:00\" \/>\n<meta property=\"og:image\" content=\"https:\/\/houbencoaching.com\/wp-content\/uploads\/cropped-Logo-Houben-C.png\" \/>\n\t<meta property=\"og:image:width\" content=\"512\" \/>\n\t<meta property=\"og:image:height\" content=\"512\" \/>\n\t<meta property=\"og:image:type\" content=\"image\/png\" \/>\n<meta name=\"twitter:card\" content=\"summary_large_image\" \/>\n<meta name=\"twitter:label1\" content=\"Est. reading time\" \/>\n\t<meta name=\"twitter:data1\" content=\"5 minutes\" \/>\n<script type=\"application\/ld+json\" class=\"yoast-schema-graph\">{\"@context\":\"https:\\\/\\\/schema.org\",\"@graph\":[{\"@type\":\"WebPage\",\"@id\":\"https:\\\/\\\/houbencoaching.com\\\/agb\\\/\",\"url\":\"https:\\\/\\\/houbencoaching.com\\\/agb\\\/\",\"name\":\"AGB - Stephanie Houben - Female Empowerment\",\"isPartOf\":{\"@id\":\"https:\\\/\\\/houbencoaching.com\\\/#website\"},\"datePublished\":\"2017-12-28T15:45:33+00:00\",\"dateModified\":\"2020-04-25T06:04:11+00:00\",\"breadcrumb\":{\"@id\":\"https:\\\/\\\/houbencoaching.com\\\/agb\\\/#breadcrumb\"},\"inLanguage\":\"en-US\",\"potentialAction\":[{\"@type\":\"ReadAction\",\"target\":[\"https:\\\/\\\/houbencoaching.com\\\/agb\\\/\"]}]},{\"@type\":\"BreadcrumbList\",\"@id\":\"https:\\\/\\\/houbencoaching.com\\\/agb\\\/#breadcrumb\",\"itemListElement\":[{\"@type\":\"ListItem\",\"position\":1,\"name\":\"Startseite\",\"item\":\"https:\\\/\\\/houbencoaching.com\\\/\"},{\"@type\":\"ListItem\",\"position\":2,\"name\":\"AGB\"}]},{\"@type\":\"WebSite\",\"@id\":\"https:\\\/\\\/houbencoaching.com\\\/#website\",\"url\":\"https:\\\/\\\/houbencoaching.com\\\/\",\"name\":\"Stephanie Houben - Female Empowerment\",\"description\":\"Get clarity for your life and be happier\",\"publisher\":{\"@id\":\"https:\\\/\\\/houbencoaching.com\\\/#\\\/schema\\\/person\\\/d53ff59bb4eab42ce397cca359c06604\"},\"potentialAction\":[{\"@type\":\"SearchAction\",\"target\":{\"@type\":\"EntryPoint\",\"urlTemplate\":\"https:\\\/\\\/houbencoaching.com\\\/?s={search_term_string}\"},\"query-input\":{\"@type\":\"PropertyValueSpecification\",\"valueRequired\":true,\"valueName\":\"search_term_string\"}}],\"inLanguage\":\"en-US\"},{\"@type\":[\"Person\",\"Organization\"],\"@id\":\"https:\\\/\\\/houbencoaching.com\\\/#\\\/schema\\\/person\\\/d53ff59bb4eab42ce397cca359c06604\",\"name\":\"Stephanie Houben\",\"image\":{\"@type\":\"ImageObject\",\"inLanguage\":\"en-US\",\"@id\":\"https:\\\/\\\/houbencoaching.com\\\/wp-content\\\/uploads\\\/cropped-Logo-Houben-C.png\",\"url\":\"https:\\\/\\\/houbencoaching.com\\\/wp-content\\\/uploads\\\/cropped-Logo-Houben-C.png\",\"contentUrl\":\"https:\\\/\\\/houbencoaching.com\\\/wp-content\\\/uploads\\\/cropped-Logo-Houben-C.png\",\"width\":512,\"height\":512,\"caption\":\"Stephanie Houben\"},\"logo\":{\"@id\":\"https:\\\/\\\/houbencoaching.com\\\/wp-content\\\/uploads\\\/cropped-Logo-Houben-C.png\"},\"sameAs\":[\"https:\\\/\\\/www.facebook.com\\\/houbencoaching\",\"https:\\\/\\\/www.instagram.com\\\/steph.houben\\\/\"]}]}<\/script>\n<!-- \/ Yoast SEO plugin. -->","yoast_head_json":{"title":"AGB - Stephanie Houben - Female Empowerment","robots":{"index":"index","follow":"follow","max-snippet":"max-snippet:-1","max-image-preview":"max-image-preview:large","max-video-preview":"max-video-preview:-1"},"canonical":"https:\/\/houbencoaching.com\/agb\/","og_locale":"en_US","og_type":"article","og_title":"AGB - Stephanie Houben - Female Empowerment","og_url":"https:\/\/houbencoaching.com\/agb\/","og_site_name":"Stephanie Houben - Female Empowerment","article_publisher":"https:\/\/www.facebook.com\/houbencoaching","article_modified_time":"2020-04-25T06:04:11+00:00","og_image":[{"width":512,"height":512,"url":"https:\/\/houbencoaching.com\/wp-content\/uploads\/cropped-Logo-Houben-C.png","type":"image\/png"}],"twitter_card":"summary_large_image","twitter_misc":{"Est. reading time":"5 minutes"},"schema":{"@context":"https:\/\/schema.org","@graph":[{"@type":"WebPage","@id":"https:\/\/houbencoaching.com\/agb\/","url":"https:\/\/houbencoaching.com\/agb\/","name":"AGB - Stephanie Houben - Female Empowerment","isPartOf":{"@id":"https:\/\/houbencoaching.com\/#website"},"datePublished":"2017-12-28T15:45:33+00:00","dateModified":"2020-04-25T06:04:11+00:00","breadcrumb":{"@id":"https:\/\/houbencoaching.com\/agb\/#breadcrumb"},"inLanguage":"en-US","potentialAction":[{"@type":"ReadAction","target":["https:\/\/houbencoaching.com\/agb\/"]}]},{"@type":"BreadcrumbList","@id":"https:\/\/houbencoaching.com\/agb\/#breadcrumb","itemListElement":[{"@type":"ListItem","position":1,"name":"Startseite","item":"https:\/\/houbencoaching.com\/"},{"@type":"ListItem","position":2,"name":"AGB"}]},{"@type":"WebSite","@id":"https:\/\/houbencoaching.com\/#website","url":"https:\/\/houbencoaching.com\/","name":"Stephanie Houben - Female Empowerment","description":"Get clarity for your life and be happier","publisher":{"@id":"https:\/\/houbencoaching.com\/#\/schema\/person\/d53ff59bb4eab42ce397cca359c06604"},"potentialAction":[{"@type":"SearchAction","target":{"@type":"EntryPoint","urlTemplate":"https:\/\/houbencoaching.com\/?s={search_term_string}"},"query-input":{"@type":"PropertyValueSpecification","valueRequired":true,"valueName":"search_term_string"}}],"inLanguage":"en-US"},{"@type":["Person","Organization"],"@id":"https:\/\/houbencoaching.com\/#\/schema\/person\/d53ff59bb4eab42ce397cca359c06604","name":"Stephanie Houben","image":{"@type":"ImageObject","inLanguage":"en-US","@id":"https:\/\/houbencoaching.com\/wp-content\/uploads\/cropped-Logo-Houben-C.png","url":"https:\/\/houbencoaching.com\/wp-content\/uploads\/cropped-Logo-Houben-C.png","contentUrl":"https:\/\/houbencoaching.com\/wp-content\/uploads\/cropped-Logo-Houben-C.png","width":512,"height":512,"caption":"Stephanie Houben"},"logo":{"@id":"https:\/\/houbencoaching.com\/wp-content\/uploads\/cropped-Logo-Houben-C.png"},"sameAs":["https:\/\/www.facebook.com\/houbencoaching","https:\/\/www.instagram.com\/steph.houben\/"]}]}},"_links":{"self":[{"href":"https:\/\/houbencoaching.com\/en\/wp-json\/wp\/v2\/pages\/444","targetHints":{"allow":["GET"]}}],"collection":[{"href":"https:\/\/houbencoaching.com\/en\/wp-json\/wp\/v2\/pages"}],"about":[{"href":"https:\/\/houbencoaching.com\/en\/wp-json\/wp\/v2\/types\/page"}],"author":[{"embeddable":true,"href":"https:\/\/houbencoaching.com\/en\/wp-json\/wp\/v2\/users\/1"}],"replies":[{"embeddable":true,"href":"https:\/\/houbencoaching.com\/en\/wp-json\/wp\/v2\/comments?post=444"}],"version-history":[{"count":14,"href":"https:\/\/houbencoaching.com\/en\/wp-json\/wp\/v2\/pages\/444\/revisions"}],"predecessor-version":[{"id":1028,"href":"https:\/\/houbencoaching.com\/en\/wp-json\/wp\/v2\/pages\/444\/revisions\/1028"}],"wp:attachment":[{"href":"https:\/\/houbencoaching.com\/en\/wp-json\/wp\/v2\/media?parent=444"}],"curies":[{"name":"wp","href":"https:\/\/api.w.org\/{rel}","templated":true}]}}