{"id":2924,"date":"2023-07-06T11:43:31","date_gmt":"2023-07-06T09:43:31","guid":{"rendered":"https:\/\/houbencoaching.com\/?page_id=2924"},"modified":"2024-05-28T10:38:04","modified_gmt":"2024-05-28T08:38:04","slug":"dankeseite-startedeinbiz-masterclass","status":"publish","type":"page","link":"https:\/\/houbencoaching.com\/en\/dankeseite-startedeinbiz-masterclass\/","title":{"rendered":"Thank you"},"content":{"rendered":"\t\t<div data-elementor-type=\"wp-page\" data-elementor-id=\"2924\" class=\"elementor elementor-2924\">\n\t\t\t\t\t\t<section class=\"elementor-section elementor-top-section elementor-element elementor-element-1ce78b52 elementor-section-boxed elementor-section-height-default elementor-section-height-default\" data-id=\"1ce78b52\" data-element_type=\"section\" data-e-type=\"section\">\n\t\t\t\t\t\t<div class=\"elementor-container elementor-column-gap-default\">\n\t\t\t\t\t<div class=\"elementor-column elementor-col-100 elementor-top-column elementor-element elementor-element-83edb93\" data-id=\"83edb93\" data-element_type=\"column\" data-e-type=\"column\">\n\t\t\t<div class=\"elementor-widget-wrap elementor-element-populated\">\n\t\t\t\t\t\t<div class=\"elementor-element elementor-element-995041d elementor-widget elementor-widget-image\" data-id=\"995041d\" data-element_type=\"widget\" data-e-type=\"widget\" data-widget_type=\"image.default\">\n\t\t\t\t<div class=\"elementor-widget-container\">\n\t\t\t\t\t\t\t\t\t\t\t\t\t\t\t<img fetchpriority=\"high\" decoding=\"async\" width=\"768\" height=\"402\" src=\"https:\/\/houbencoaching.com\/wp-content\/uploads\/DANKE-768x402.png\" class=\"attachment-medium_large size-medium_large wp-image-2936\" alt=\"\" srcset=\"https:\/\/houbencoaching.com\/wp-content\/uploads\/DANKE-768x402.png 768w, https:\/\/houbencoaching.com\/wp-content\/uploads\/DANKE-600x314.png 600w, https:\/\/houbencoaching.com\/wp-content\/uploads\/DANKE-1140x597.png 1140w, https:\/\/houbencoaching.com\/wp-content\/uploads\/DANKE-920x481.png 920w, https:\/\/houbencoaching.com\/wp-content\/uploads\/DANKE-575x301.png 575w, https:\/\/houbencoaching.com\/wp-content\/uploads\/DANKE-380x199.png 380w, https:\/\/houbencoaching.com\/wp-content\/uploads\/DANKE-115x60.png 115w, https:\/\/houbencoaching.com\/wp-content\/uploads\/DANKE-172x90.png 172w, https:\/\/houbencoaching.com\/wp-content\/uploads\/DANKE.png 1200w\" sizes=\"(max-width: 768px) 100vw, 768px\" \/>\t\t\t\t\t\t\t\t\t\t\t\t\t\t\t<\/div>\n\t\t\t\t<\/div>\n\t\t\t\t<div class=\"elementor-element elementor-element-3dcab24 elementor-widget elementor-widget-heading\" data-id=\"3dcab24\" data-element_type=\"widget\" data-e-type=\"widget\" data-widget_type=\"heading.default\">\n\t\t\t\t<div class=\"elementor-widget-container\">\n\t\t\t\t\t<h3 class=\"elementor-heading-title elementor-size-default\">Hervorragend, es hat alles funktioniert<\/h3>\t\t\t\t<\/div>\n\t\t\t\t<\/div>\n\t\t\t\t<div class=\"elementor-element elementor-element-520db955 elementor-widget elementor-widget-text-editor\" data-id=\"520db955\" data-element_type=\"widget\" data-e-type=\"widget\" data-widget_type=\"text-editor.default\">\n\t\t\t\t<div class=\"elementor-widget-container\">\n\t\t\t\t\t\t\t\t\t<p><\/p>\n<p>Du hast dir erfolgreich den Zugang zur STARTE DEIN BIZ! MASTERCLASS gesichert.<\/p>\n<p><\/p>\n<p><\/p>\n<p>Somit kannst du&#8230;<\/p>\n<ul>\n<li style=\"list-style-type: none;\">\n<ul>\n<li>nun beginnen, dein eigenes Business aufzubauen<\/li>\n<\/ul>\n<\/li>\n<\/ul>\n<p><\/p>\n<p><\/p>\n<ul>\n<li style=\"list-style-type: none;\">\n<ul>\n<li>deine St\u00e4rken und F\u00e4higkeiten nutzen und eine starke, selbstbewusste Unternehmerin werden<\/li>\n<\/ul>\n<\/li>\n<\/ul>\n<p><\/p>\n<p><\/p>\n<ul>\n<li style=\"list-style-type: none;\">\n<ul>\n<li>dein neues Leben fern von 9-5 und Hamsterrad beginnen<\/li>\n<\/ul>\n<\/li>\n<\/ul>\n<p><\/p>\n<p><!-- \/wp:list --><\/p>\n<p><!-- wp:paragraph --><\/p>\n<p>Die Abbuchung erfolgt durch CopeCart.<\/p>\n<p><!-- \/wp:paragraph --><\/p>\n<p><!-- wp:heading {\"textAlign\":\"center\",\"level\":3} --><\/p>\n<h3 class=\"wp-block-heading has-text-align-center\">Deine n\u00e4chsten Schritte<\/h3>\n<div class=\"wp-block-buttons\">\n<p><!-- \/wp:button --><\/p>\n<\/div>\n<p><!-- \/wp:buttons --><\/p>\t\t\t\t\t\t\t\t<\/div>\n\t\t\t\t<\/div>\n\t\t\t\t<div class=\"elementor-element elementor-element-cef5da6 elementor-view-default elementor-position-block-start elementor-mobile-position-block-start elementor-widget elementor-widget-icon-box\" data-id=\"cef5da6\" data-element_type=\"widget\" data-e-type=\"widget\" data-widget_type=\"icon-box.default\">\n\t\t\t\t<div class=\"elementor-widget-container\">\n\t\t\t\t\t\t\t<div class=\"elementor-icon-box-wrapper\">\n\n\t\t\t\t\t\t<div class=\"elementor-icon-box-icon\">\n\t\t\t\t<span  class=\"elementor-icon\">\n\t\t\t\t<i aria-hidden=\"true\" class=\"fab fa-readme\"><\/i>\t\t\t\t<\/span>\n\t\t\t<\/div>\n\t\t\t\n\t\t\t\t\t\t<div class=\"elementor-icon-box-content\">\n\n\t\t\t\t\t\t\t\t\t<h3 class=\"elementor-icon-box-title\">\n\t\t\t\t\t\t<span  >\n\t\t\t\t\t\t\tEmail-Postfach \u00f6ffnen\t\t\t\t\t\t<\/span>\n\t\t\t\t\t<\/h3>\n\t\t\t\t\n\t\t\t\t\t\t\t\t\t<p class=\"elementor-icon-box-description\">\n\t\t\t\t\t\t\u00d6ffne dein Email-Postfach der Email, die du gerade angegeben hast. <br>Ich habe dir eine Email mit dem Betreff \"Handlung erforderlich! Bitte Email best\u00e4tigen\" gesendet. \u00d6ffne diese.\t\t\t\t\t<\/p>\n\t\t\t\t\n\t\t\t<\/div>\n\t\t\t\n\t\t<\/div>\n\t\t\t\t\t\t<\/div>\n\t\t\t\t<\/div>\n\t\t\t\t<div class=\"elementor-element elementor-element-997860a elementor-view-default elementor-position-block-start elementor-mobile-position-block-start elementor-widget elementor-widget-icon-box\" data-id=\"997860a\" data-element_type=\"widget\" data-e-type=\"widget\" data-widget_type=\"icon-box.default\">\n\t\t\t\t<div class=\"elementor-widget-container\">\n\t\t\t\t\t\t\t<div class=\"elementor-icon-box-wrapper\">\n\n\t\t\t\t\t\t<div class=\"elementor-icon-box-icon\">\n\t\t\t\t<span  class=\"elementor-icon\">\n\t\t\t\t<i aria-hidden=\"true\" class=\"fas fa-hand-point-down\"><\/i>\t\t\t\t<\/span>\n\t\t\t<\/div>\n\t\t\t\n\t\t\t\t\t\t<div class=\"elementor-icon-box-content\">\n\n\t\t\t\t\t\t\t\t\t<h3 class=\"elementor-icon-box-title\">\n\t\t\t\t\t\t<span  >\n\t\t\t\t\t\t\tKlicke auf den Link in der Email\t\t\t\t\t\t<\/span>\n\t\t\t\t\t<\/h3>\n\t\t\t\t\n\t\t\t\t\t\t\t\t\t<p class=\"elementor-icon-box-description\">\n\t\t\t\t\t\tIn der Email findest du einen Link, den du anklicken musst, um deine Eintragung zu best\u00e4tigen.\t\t\t\t\t<\/p>\n\t\t\t\t\n\t\t\t<\/div>\n\t\t\t\n\t\t<\/div>\n\t\t\t\t\t\t<\/div>\n\t\t\t\t<\/div>\n\t\t\t\t<div class=\"elementor-element elementor-element-2b8246a elementor-view-default elementor-position-block-start elementor-mobile-position-block-start elementor-widget elementor-widget-icon-box\" data-id=\"2b8246a\" data-element_type=\"widget\" data-e-type=\"widget\" data-widget_type=\"icon-box.default\">\n\t\t\t\t<div class=\"elementor-widget-container\">\n\t\t\t\t\t\t\t<div class=\"elementor-icon-box-wrapper\">\n\n\t\t\t\t\t\t<div class=\"elementor-icon-box-icon\">\n\t\t\t\t<span  class=\"elementor-icon\">\n\t\t\t\t<i aria-hidden=\"true\" class=\"fas fa-star\"><\/i>\t\t\t\t<\/span>\n\t\t\t<\/div>\n\t\t\t\n\t\t\t\t\t\t<div class=\"elementor-icon-box-content\">\n\n\t\t\t\t\t\t\t\t\t<h3 class=\"elementor-icon-box-title\">\n\t\t\t\t\t\t<span  >\n\t\t\t\t\t\t\tFertig\t\t\t\t\t\t<\/span>\n\t\t\t\t\t<\/h3>\n\t\t\t\t\n\t\t\t\t\t\t\t\t\t<p class=\"elementor-icon-box-description\">\n\t\t\t\t\t\tSobald du den Link in der Email angeklickt hast, ist deine Email eingetragen. Yeah!\t\t\t\t\t<\/p>\n\t\t\t\t\n\t\t\t<\/div>\n\t\t\t\n\t\t<\/div>\n\t\t\t\t\t\t<\/div>\n\t\t\t\t<\/div>\n\t\t\t\t<div class=\"elementor-element elementor-element-7dba638 elementor-widget elementor-widget-text-editor\" data-id=\"7dba638\" data-element_type=\"widget\" data-e-type=\"widget\" data-widget_type=\"text-editor.default\">\n\t\t\t\t<div class=\"elementor-widget-container\">\n\t\t\t\t\t\t\t\t\t<p><!-- wp:paragraph --><\/p>\n<p>\u00a0<\/p>\n<div class=\"wp-block-columns\">\n<div class=\"wp-block-column\">\n<h3 class=\"wp-block-heading\">Jetzt k\u00f6nnen wir starten!<\/h3>\n<p><!-- \/wp:heading --><\/p>\n<\/div>\n<p><!-- \/wp:column --><\/p>\n<\/div>\n<p><!-- \/wp:columns --><\/p>\n<p><!-- wp:paragraph --><\/p>\n<p>Buche dir direkt deinen ersten Termin bei mir. Dort besprechen wir in Ruhe, wie wir vorgehen, um dein Business auf solide und erfolgreiche F\u00fc\u00dfe zu stellen.<br \/>Klicke auf den Button und schon geht deine Reise los!<\/p>\n<div class=\"wp-block-buttons\">\n<p><!-- \/wp:button --><\/p>\n<\/div>\n<p><!-- \/wp:buttons --><\/p>\t\t\t\t\t\t\t\t<\/div>\n\t\t\t\t<\/div>\n\t\t\t\t<div class=\"elementor-element elementor-element-1eeaedb elementor-widget elementor-widget-button\" data-id=\"1eeaedb\" data-element_type=\"widget\" data-e-type=\"widget\" data-widget_type=\"button.default\">\n\t\t\t\t<div class=\"elementor-widget-container\">\n\t\t\t\t\t\t\t\t\t<div class=\"elementor-button-wrapper\">\n\t\t\t\t\t<a class=\"elementor-button elementor-button-link elementor-size-md\" href=\"https:\/\/calendly.com\/houben-coaching\/30min\">\n\t\t\t\t\t\t<span class=\"elementor-button-content-wrapper\">\n\t\t\t\t\t\t\t\t\t<span class=\"elementor-button-text\">Hier Klicken<\/span>\n\t\t\t\t\t<\/span>\n\t\t\t\t\t<\/a>\n\t\t\t\t<\/div>\n\t\t\t\t\t\t\t\t<\/div>\n\t\t\t\t<\/div>\n\t\t\t\t\t<\/div>\n\t\t<\/div>\n\t\t\t\t\t<\/div>\n\t\t<\/section>\n\t\t\t\t<\/div>\n\t\t","protected":false},"excerpt":{"rendered":"<p>Hervorragend, es hat alles funktioniert Du hast dir erfolgreich den Zugang zur STARTE DEIN BIZ! MASTERCLASS gesichert. Somit kannst du&#8230; nun beginnen, dein eigenes Business aufzubauen Die Abbuchung erfolgt durch CopeCart. Deine n\u00e4chsten Schritte Email-Postfach \u00f6ffnen \u00d6ffne dein Email-Postfach der Email, die du gerade angegeben hast. Ich habe dir eine Email mit dem Betreff &#8220;Handlung [&hellip;]<\/p>\n","protected":false},"author":2,"featured_media":0,"parent":0,"menu_order":0,"comment_status":"closed","ping_status":"closed","template":"","meta":{"content-type":"","ocean_post_layout":"","ocean_both_sidebars_style":"","ocean_both_sidebars_content_width":0,"ocean_both_sidebars_sidebars_width":0,"ocean_sidebar":"","ocean_second_sidebar":"","ocean_disable_margins":"enable","ocean_add_body_class":"","ocean_shortcode_before_top_bar":"","ocean_shortcode_after_top_bar":"","ocean_shortcode_before_header":"","ocean_shortcode_after_header":"","ocean_has_shortcode":"","ocean_shortcode_after_title":"","ocean_shortcode_before_footer_widgets":"","ocean_shortcode_after_footer_widgets":"","ocean_shortcode_before_footer_bottom":"","ocean_shortcode_after_footer_bottom":"","ocean_display_top_bar":"default","ocean_display_header":"default","ocean_header_style":"","ocean_center_header_left_menu":"","ocean_custom_header_template":"","ocean_custom_logo":0,"ocean_custom_retina_logo":0,"ocean_custom_logo_max_width":0,"ocean_custom_logo_tablet_max_width":0,"ocean_custom_logo_mobile_max_width":0,"ocean_custom_logo_max_height":0,"ocean_custom_logo_tablet_max_height":0,"ocean_custom_logo_mobile_max_height":0,"ocean_header_custom_menu":"","ocean_menu_typo_font_family":"","ocean_menu_typo_font_subset":"","ocean_menu_typo_font_size":0,"ocean_menu_typo_font_size_tablet":0,"ocean_menu_typo_font_size_mobile":0,"ocean_menu_typo_font_size_unit":"px","ocean_menu_typo_font_weight":"","ocean_menu_typo_font_weight_tablet":"","ocean_menu_typo_font_weight_mobile":"","ocean_menu_typo_transform":"","ocean_menu_typo_transform_tablet":"","ocean_menu_typo_transform_mobile":"","ocean_menu_typo_line_height":0,"ocean_menu_typo_line_height_tablet":0,"ocean_menu_typo_line_height_mobile":0,"ocean_menu_typo_line_height_unit":"","ocean_menu_typo_spacing":0,"ocean_menu_typo_spacing_tablet":0,"ocean_menu_typo_spacing_mobile":0,"ocean_menu_typo_spacing_unit":"","ocean_menu_link_color":"","ocean_menu_link_color_hover":"","ocean_menu_link_color_active":"","ocean_menu_link_background":"","ocean_menu_link_hover_background":"","ocean_menu_link_active_background":"","ocean_menu_social_links_bg":"","ocean_menu_social_hover_links_bg":"","ocean_menu_social_links_color":"","ocean_menu_social_hover_links_color":"","ocean_disable_title":"default","ocean_disable_heading":"default","ocean_post_title":"","ocean_post_subheading":"","ocean_post_title_style":"","ocean_post_title_background_color":"","ocean_post_title_background":0,"ocean_post_title_bg_image_position":"","ocean_post_title_bg_image_attachment":"","ocean_post_title_bg_image_repeat":"","ocean_post_title_bg_image_size":"","ocean_post_title_height":0,"ocean_post_title_bg_overlay":0.5,"ocean_post_title_bg_overlay_color":"","ocean_disable_breadcrumbs":"default","ocean_breadcrumbs_color":"","ocean_breadcrumbs_separator_color":"","ocean_breadcrumbs_links_color":"","ocean_breadcrumbs_links_hover_color":"","ocean_display_footer_widgets":"default","ocean_display_footer_bottom":"default","ocean_custom_footer_template":"","footnotes":""},"class_list":["post-2924","page","type-page","status-publish","hentry","entry","owp-thumbs-layout-horizontal","owp-btn-normal","owp-tabs-layout-horizontal","has-no-thumbnails","has-product-nav"],"translation":{"provider":"WPGlobus","version":"3.0.2","language":"en","enabled_languages":["de","en"],"languages":{"de":{"title":true,"content":true,"excerpt":false},"en":{"title":true,"content":false,"excerpt":false}}},"yoast_head":"<!-- This site is optimized with the Yoast SEO plugin v27.4 - https:\/\/yoast.com\/product\/yoast-seo-wordpress\/ -->\n<title>Thank you - Stephanie Houben - Female Empowerment<\/title>\n<meta name=\"robots\" content=\"index, follow, max-snippet:-1, max-image-preview:large, max-video-preview:-1\" \/>\n<link rel=\"canonical\" href=\"https:\/\/houbencoaching.com\/dankeseite-startedeinbiz-masterclass\/\" \/>\n<meta property=\"og:locale\" content=\"en_US\" \/>\n<meta property=\"og:type\" content=\"article\" \/>\n<meta property=\"og:title\" content=\"Thank you - Stephanie Houben - Female Empowerment\" \/>\n<meta property=\"og:url\" content=\"https:\/\/houbencoaching.com\/dankeseite-startedeinbiz-masterclass\/\" \/>\n<meta property=\"og:site_name\" content=\"Stephanie Houben - Female Empowerment\" \/>\n<meta property=\"article:publisher\" content=\"https:\/\/www.facebook.com\/houbencoaching\" \/>\n<meta property=\"article:modified_time\" content=\"2024-05-28T08:38:04+00:00\" \/>\n<meta property=\"og:image\" content=\"https:\/\/houbencoaching.com\/wp-content\/uploads\/DANKE-768x402.png\" \/>\n<meta name=\"twitter:card\" content=\"summary_large_image\" \/>\n<meta name=\"twitter:label1\" content=\"Est. reading time\" \/>\n\t<meta name=\"twitter:data1\" content=\"2 minutes\" \/>\n<script type=\"application\/ld+json\" class=\"yoast-schema-graph\">{\"@context\":\"https:\\\/\\\/schema.org\",\"@graph\":[{\"@type\":\"WebPage\",\"@id\":\"https:\\\/\\\/houbencoaching.com\\\/dankeseite-startedeinbiz-masterclass\\\/\",\"url\":\"https:\\\/\\\/houbencoaching.com\\\/dankeseite-startedeinbiz-masterclass\\\/\",\"name\":\"Thank you - Stephanie Houben - Female Empowerment\",\"isPartOf\":{\"@id\":\"https:\\\/\\\/houbencoaching.com\\\/#website\"},\"primaryImageOfPage\":{\"@id\":\"https:\\\/\\\/houbencoaching.com\\\/dankeseite-startedeinbiz-masterclass\\\/#primaryimage\"},\"image\":{\"@id\":\"https:\\\/\\\/houbencoaching.com\\\/dankeseite-startedeinbiz-masterclass\\\/#primaryimage\"},\"thumbnailUrl\":\"https:\\\/\\\/houbencoaching.com\\\/wp-content\\\/uploads\\\/DANKE-768x402.png\",\"datePublished\":\"2023-07-06T09:43:31+00:00\",\"dateModified\":\"2024-05-28T08:38:04+00:00\",\"breadcrumb\":{\"@id\":\"https:\\\/\\\/houbencoaching.com\\\/dankeseite-startedeinbiz-masterclass\\\/#breadcrumb\"},\"inLanguage\":\"en-US\",\"potentialAction\":[{\"@type\":\"ReadAction\",\"target\":[\"https:\\\/\\\/houbencoaching.com\\\/dankeseite-startedeinbiz-masterclass\\\/\"]}]},{\"@type\":\"ImageObject\",\"inLanguage\":\"en-US\",\"@id\":\"https:\\\/\\\/houbencoaching.com\\\/dankeseite-startedeinbiz-masterclass\\\/#primaryimage\",\"url\":\"https:\\\/\\\/houbencoaching.com\\\/wp-content\\\/uploads\\\/DANKE-768x402.png\",\"contentUrl\":\"https:\\\/\\\/houbencoaching.com\\\/wp-content\\\/uploads\\\/DANKE-768x402.png\"},{\"@type\":\"BreadcrumbList\",\"@id\":\"https:\\\/\\\/houbencoaching.com\\\/dankeseite-startedeinbiz-masterclass\\\/#breadcrumb\",\"itemListElement\":[{\"@type\":\"ListItem\",\"position\":1,\"name\":\"Startseite\",\"item\":\"https:\\\/\\\/houbencoaching.com\\\/\"},{\"@type\":\"ListItem\",\"position\":2,\"name\":\"Danke SDB Masterclass\"}]},{\"@type\":\"WebSite\",\"@id\":\"https:\\\/\\\/houbencoaching.com\\\/#website\",\"url\":\"https:\\\/\\\/houbencoaching.com\\\/\",\"name\":\"Stephanie Houben - Female Empowerment\",\"description\":\"Get clarity for your life and be happier\",\"publisher\":{\"@id\":\"https:\\\/\\\/houbencoaching.com\\\/#\\\/schema\\\/person\\\/d53ff59bb4eab42ce397cca359c06604\"},\"potentialAction\":[{\"@type\":\"SearchAction\",\"target\":{\"@type\":\"EntryPoint\",\"urlTemplate\":\"https:\\\/\\\/houbencoaching.com\\\/?s={search_term_string}\"},\"query-input\":{\"@type\":\"PropertyValueSpecification\",\"valueRequired\":true,\"valueName\":\"search_term_string\"}}],\"inLanguage\":\"en-US\"},{\"@type\":[\"Person\",\"Organization\"],\"@id\":\"https:\\\/\\\/houbencoaching.com\\\/#\\\/schema\\\/person\\\/d53ff59bb4eab42ce397cca359c06604\",\"name\":\"Stephanie Houben\",\"image\":{\"@type\":\"ImageObject\",\"inLanguage\":\"en-US\",\"@id\":\"https:\\\/\\\/houbencoaching.com\\\/wp-content\\\/uploads\\\/cropped-Logo-Houben-C.png\",\"url\":\"https:\\\/\\\/houbencoaching.com\\\/wp-content\\\/uploads\\\/cropped-Logo-Houben-C.png\",\"contentUrl\":\"https:\\\/\\\/houbencoaching.com\\\/wp-content\\\/uploads\\\/cropped-Logo-Houben-C.png\",\"width\":512,\"height\":512,\"caption\":\"Stephanie Houben\"},\"logo\":{\"@id\":\"https:\\\/\\\/houbencoaching.com\\\/wp-content\\\/uploads\\\/cropped-Logo-Houben-C.png\"},\"sameAs\":[\"https:\\\/\\\/www.facebook.com\\\/houbencoaching\",\"https:\\\/\\\/www.instagram.com\\\/steph.houben\\\/\"]}]}<\/script>\n<!-- \/ Yoast SEO plugin. -->","yoast_head_json":{"title":"Thank you - Stephanie Houben - Female Empowerment","robots":{"index":"index","follow":"follow","max-snippet":"max-snippet:-1","max-image-preview":"max-image-preview:large","max-video-preview":"max-video-preview:-1"},"canonical":"https:\/\/houbencoaching.com\/dankeseite-startedeinbiz-masterclass\/","og_locale":"en_US","og_type":"article","og_title":"Thank you - Stephanie Houben - Female Empowerment","og_url":"https:\/\/houbencoaching.com\/dankeseite-startedeinbiz-masterclass\/","og_site_name":"Stephanie Houben - Female Empowerment","article_publisher":"https:\/\/www.facebook.com\/houbencoaching","article_modified_time":"2024-05-28T08:38:04+00:00","og_image":[{"url":"https:\/\/houbencoaching.com\/wp-content\/uploads\/DANKE-768x402.png","type":"","width":"","height":""}],"twitter_card":"summary_large_image","twitter_misc":{"Est. reading time":"2 minutes"},"schema":{"@context":"https:\/\/schema.org","@graph":[{"@type":"WebPage","@id":"https:\/\/houbencoaching.com\/dankeseite-startedeinbiz-masterclass\/","url":"https:\/\/houbencoaching.com\/dankeseite-startedeinbiz-masterclass\/","name":"Thank you - Stephanie Houben - Female Empowerment","isPartOf":{"@id":"https:\/\/houbencoaching.com\/#website"},"primaryImageOfPage":{"@id":"https:\/\/houbencoaching.com\/dankeseite-startedeinbiz-masterclass\/#primaryimage"},"image":{"@id":"https:\/\/houbencoaching.com\/dankeseite-startedeinbiz-masterclass\/#primaryimage"},"thumbnailUrl":"https:\/\/houbencoaching.com\/wp-content\/uploads\/DANKE-768x402.png","datePublished":"2023-07-06T09:43:31+00:00","dateModified":"2024-05-28T08:38:04+00:00","breadcrumb":{"@id":"https:\/\/houbencoaching.com\/dankeseite-startedeinbiz-masterclass\/#breadcrumb"},"inLanguage":"en-US","potentialAction":[{"@type":"ReadAction","target":["https:\/\/houbencoaching.com\/dankeseite-startedeinbiz-masterclass\/"]}]},{"@type":"ImageObject","inLanguage":"en-US","@id":"https:\/\/houbencoaching.com\/dankeseite-startedeinbiz-masterclass\/#primaryimage","url":"https:\/\/houbencoaching.com\/wp-content\/uploads\/DANKE-768x402.png","contentUrl":"https:\/\/houbencoaching.com\/wp-content\/uploads\/DANKE-768x402.png"},{"@type":"BreadcrumbList","@id":"https:\/\/houbencoaching.com\/dankeseite-startedeinbiz-masterclass\/#breadcrumb","itemListElement":[{"@type":"ListItem","position":1,"name":"Startseite","item":"https:\/\/houbencoaching.com\/"},{"@type":"ListItem","position":2,"name":"Danke SDB Masterclass"}]},{"@type":"WebSite","@id":"https:\/\/houbencoaching.com\/#website","url":"https:\/\/houbencoaching.com\/","name":"Stephanie Houben - Female Empowerment","description":"Get clarity for your life and be happier","publisher":{"@id":"https:\/\/houbencoaching.com\/#\/schema\/person\/d53ff59bb4eab42ce397cca359c06604"},"potentialAction":[{"@type":"SearchAction","target":{"@type":"EntryPoint","urlTemplate":"https:\/\/houbencoaching.com\/?s={search_term_string}"},"query-input":{"@type":"PropertyValueSpecification","valueRequired":true,"valueName":"search_term_string"}}],"inLanguage":"en-US"},{"@type":["Person","Organization"],"@id":"https:\/\/houbencoaching.com\/#\/schema\/person\/d53ff59bb4eab42ce397cca359c06604","name":"Stephanie Houben","image":{"@type":"ImageObject","inLanguage":"en-US","@id":"https:\/\/houbencoaching.com\/wp-content\/uploads\/cropped-Logo-Houben-C.png","url":"https:\/\/houbencoaching.com\/wp-content\/uploads\/cropped-Logo-Houben-C.png","contentUrl":"https:\/\/houbencoaching.com\/wp-content\/uploads\/cropped-Logo-Houben-C.png","width":512,"height":512,"caption":"Stephanie Houben"},"logo":{"@id":"https:\/\/houbencoaching.com\/wp-content\/uploads\/cropped-Logo-Houben-C.png"},"sameAs":["https:\/\/www.facebook.com\/houbencoaching","https:\/\/www.instagram.com\/steph.houben\/"]}]}},"_links":{"self":[{"href":"https:\/\/houbencoaching.com\/en\/wp-json\/wp\/v2\/pages\/2924","targetHints":{"allow":["GET"]}}],"collection":[{"href":"https:\/\/houbencoaching.com\/en\/wp-json\/wp\/v2\/pages"}],"about":[{"href":"https:\/\/houbencoaching.com\/en\/wp-json\/wp\/v2\/types\/page"}],"author":[{"embeddable":true,"href":"https:\/\/houbencoaching.com\/en\/wp-json\/wp\/v2\/users\/2"}],"replies":[{"embeddable":true,"href":"https:\/\/houbencoaching.com\/en\/wp-json\/wp\/v2\/comments?post=2924"}],"version-history":[{"count":22,"href":"https:\/\/houbencoaching.com\/en\/wp-json\/wp\/v2\/pages\/2924\/revisions"}],"predecessor-version":[{"id":3155,"href":"https:\/\/houbencoaching.com\/en\/wp-json\/wp\/v2\/pages\/2924\/revisions\/3155"}],"wp:attachment":[{"href":"https:\/\/houbencoaching.com\/en\/wp-json\/wp\/v2\/media?parent=2924"}],"curies":[{"name":"wp","href":"https:\/\/api.w.org\/{rel}","templated":true}]}}