{"id":2726,"date":"2023-06-14T15:16:30","date_gmt":"2023-06-14T13:16:30","guid":{"rendered":"https:\/\/houbencoaching.com\/?page_id=2726"},"modified":"2024-04-30T09:49:41","modified_gmt":"2024-04-30T07:49:41","slug":"zusammenarbeit-mit-stephanie-houben","status":"publish","type":"page","link":"https:\/\/houbencoaching.com\/en\/zusammenarbeit-mit-stephanie-houben\/","title":{"rendered":"Coaching"},"content":{"rendered":"\n<div data-elementor-type=\"wp-page\" data-elementor-id=\"2726\" class=\"elementor elementor-2726\">\n<div class=\"elementor-element elementor-element-4282078 e-flex e-con-boxed e-con e-parent\" data-id=\"4282078\" data-element_type=\"container\" data-e-type=\"container\">\n<div class=\"e-con-inner\">\n<div class=\"elementor-element elementor-element-58bdca8 elementor-widget elementor-widget-image\" data-id=\"58bdca8\" data-element_type=\"widget\" data-e-type=\"widget\" data-widget_type=\"image.default\">\n<div class=\"elementor-widget-container\">\n\t\t\t\t\t\t\t\t\t\t\t\t\t\t\t<img fetchpriority=\"high\" decoding=\"async\" width=\"1200\" height=\"628\" src=\"https:\/\/houbencoaching.com\/wp-content\/uploads\/Website-header-3.png\" class=\"attachment-full size-full wp-image-2760\" alt=\"\" srcset=\"https:\/\/houbencoaching.com\/wp-content\/uploads\/Website-header-3.png 1200w, https:\/\/houbencoaching.com\/wp-content\/uploads\/Website-header-3-600x314.png 600w, https:\/\/houbencoaching.com\/wp-content\/uploads\/Website-header-3-768x402.png 768w, https:\/\/houbencoaching.com\/wp-content\/uploads\/Website-header-3-1140x597.png 1140w, https:\/\/houbencoaching.com\/wp-content\/uploads\/Website-header-3-920x481.png 920w, https:\/\/houbencoaching.com\/wp-content\/uploads\/Website-header-3-575x301.png 575w, https:\/\/houbencoaching.com\/wp-content\/uploads\/Website-header-3-380x199.png 380w, https:\/\/houbencoaching.com\/wp-content\/uploads\/Website-header-3-115x60.png 115w, https:\/\/houbencoaching.com\/wp-content\/uploads\/Website-header-3-172x90.png 172w\" sizes=\"(max-width: 1200px) 100vw, 1200px\" \/>\t\t\t\t\t\t\t\t\t\t\t\t\t\t\t<\/div>\n<\/p><\/div>\n<div class=\"elementor-element elementor-element-0ca753f elementor-widget elementor-widget-text-editor\" data-id=\"0ca753f\" data-element_type=\"widget\" data-e-type=\"widget\" data-widget_type=\"text-editor.default\">\n<div class=\"elementor-widget-container\">\n<p>Wenn Du mit mir arbeitest, wirst Du eine <a href=\"https:\/\/houbencoaching.com\/stephanie-houben\/\">starke Partnerin an Deiner Seite<\/a> haben, die Dich in jeder Phase Deiner Reise zu Dir selbst unterst\u00fctzt. Gemeinsam werden wir Deine Ziele und Tr\u00e4ume anschauen,\u00a0 Hindernisse \u00fcberwinden und nat\u00fcrlich Erfolge feiern. Ich werde Dich ermutigen, inspirieren und Dir das n\u00f6tige Wissen, Handwerkszeug und Netzwerk bieten, damit Du und vielleicht auch Dein Unternehmen florieren kann.\u00a0<\/p>\n<p>Ich m\u00f6chte, dass Du Dich gest\u00e4rkt und selbstbewusst f\u00fchlst, wenn Du Deinen eigenen Weg gehst. Du wirst nicht nur neue F\u00e4higkeiten erlernen, sondern auch Deine innere St\u00e4rke und Entschlossenheit entdecken. Und ich werde da sein, um Dich immer wieder daran zu erinnern, wie weit du bereits gekommen bist und welches Potenzial in Dir steckt.<\/p>\n<p>Wenn Du mit mir arbeitest, wirst Du nicht nur eine Frau sein, die ihr Leben selbst in die Hand nimmt und die Kontrolle \u00fcbernimmt, sondern auch eine Heldin Deiner eigenen Geschichte. Lass uns gemeinsam diese Reise antreten und das Unm\u00f6gliche m\u00f6glich machen.<\/p>\n<p>Ich freue mich darauf, an Deiner Seite zu stehen und Dich auf Deinem Weg zum Erfolg zu begleiten.<\/p>\n<\/p><\/div>\n<\/p><\/div>\n<div class=\"elementor-element elementor-element-3066785 elementor-widget elementor-widget-heading\" data-id=\"3066785\" data-element_type=\"widget\" data-e-type=\"widget\" data-widget_type=\"heading.default\">\n<div class=\"elementor-widget-container\">\n<h2 class=\"elementor-heading-title elementor-size-default\">Dein Weg in unsere Zusammenarbeit: <\/h2>\n<\/p><\/div>\n<\/p><\/div>\n<div class=\"elementor-element elementor-element-01a3200 elementor-icon-list--layout-traditional elementor-list-item-link-full_width elementor-widget elementor-widget-icon-list\" data-id=\"01a3200\" data-element_type=\"widget\" data-e-type=\"widget\" data-widget_type=\"icon-list.default\">\n<div class=\"elementor-widget-container\">\n<ul class=\"elementor-icon-list-items\">\n<li class=\"elementor-icon-list-item\">\n\t\t\t\t\t\t\t\t\t\t\t<span class=\"elementor-icon-list-icon\"><br \/>\n\t\t\t\t\t\t\t<i aria-hidden=\"true\" class=\"fas fa-comments\"><\/i>\t\t\t\t\t\t<\/span><br \/>\n\t\t\t\t\t\t\t\t\t\t<span class=\"elementor-icon-list-text\">Klicke unten auf den Button und melde Dich f\u00fcr ein kostenloses Erstgespr\u00e4ch an<\/span>\n\t\t\t\t\t\t\t\t\t<\/li>\n<li class=\"elementor-icon-list-item\">\n\t\t\t\t\t\t\t\t\t\t\t<span class=\"elementor-icon-list-icon\"><br \/>\n\t\t\t\t\t\t\t<i aria-hidden=\"true\" class=\"fab fa-penny-arcade\"><\/i>\t\t\t\t\t\t<\/span><br \/>\n\t\t\t\t\t\t\t\t\t\t<span class=\"elementor-icon-list-text\">Im Gespr\u00e4ch kl\u00e4ren wir Deine Ziele und W\u00fcnsche<\/span>\n\t\t\t\t\t\t\t\t\t<\/li>\n<li class=\"elementor-icon-list-item\">\n\t\t\t\t\t\t\t\t\t\t\t<span class=\"elementor-icon-list-icon\"><br \/>\n\t\t\t\t\t\t\t<i aria-hidden=\"true\" class=\"far fa-grin-beam\"><\/i>\t\t\t\t\t\t<\/span><br \/>\n\t\t\t\t\t\t\t\t\t\t<span class=\"elementor-icon-list-text\">Und dann legen wir los! STARTE IN DEIN NEUES LEBEN und werde Schritt f\u00fcr Schritt zu der Frau, die Du schon immer sein wolltest<\/span>\n\t\t\t\t\t\t\t\t\t<\/li>\n<\/ul><\/div>\n<\/p><\/div>\n<div class=\"elementor-element elementor-element-61ef7f1 elementor-align-center elementor-widget elementor-widget-button\" data-id=\"61ef7f1\" data-element_type=\"widget\" data-e-type=\"widget\" data-widget_type=\"button.default\">\n<div class=\"elementor-widget-container\">\n<div class=\"elementor-button-wrapper\">\n\t\t\t\t\t<a class=\"elementor-button elementor-button-link elementor-size-md\" href=\"https:\/\/calendly.com\/houben-coaching\/30min\"><br \/>\n\t\t\t\t\t\t<span class=\"elementor-button-content-wrapper\"><br \/>\n\t\t\t\t\t\t\t\t\t<span class=\"elementor-button-text\">&gt;&gt; JETZT STARTE ICH MEIN NEUES LEBEN<\/span><br \/>\n\t\t\t\t\t<\/span><br \/>\n\t\t\t\t\t<\/a>\n\t\t\t\t<\/div>\n<\/p><\/div>\n<\/p><\/div>\n<div class=\"elementor-element elementor-element-59e545e elementor-widget elementor-widget-heading\" data-id=\"59e545e\" data-element_type=\"widget\" data-e-type=\"widget\" data-widget_type=\"heading.default\">\n<div class=\"elementor-widget-container\">\n<h2 class=\"elementor-heading-title elementor-size-medium\">Mit meiner Unterst\u00fctzung wirst Du<\/h2>\n<\/p><\/div>\n<\/p><\/div>\n<div class=\"elementor-element elementor-element-d8893b6 elementor-widget elementor-widget-heading\" data-id=\"d8893b6\" data-element_type=\"widget\" data-e-type=\"widget\" data-widget_type=\"heading.default\">\n<div class=\"elementor-widget-container\">\n<h2 class=\"elementor-heading-title elementor-size-medium\">In unserer Zusammenarbeit garantiere ich Dir stets<\/h2>\n<\/p><\/div>\n<\/p><\/div>\n<div class=\"elementor-element elementor-element-b133cea elementor-icon-list--layout-traditional elementor-list-item-link-full_width elementor-widget elementor-widget-icon-list\" data-id=\"b133cea\" data-element_type=\"widget\" data-e-type=\"widget\" data-widget_type=\"icon-list.default\">\n<div class=\"elementor-widget-container\">\n<ul class=\"elementor-icon-list-items\">\n<li class=\"elementor-icon-list-item\">\n\t\t\t\t\t\t\t\t\t\t\t<span class=\"elementor-icon-list-icon\"><br \/>\n\t\t\t\t\t\t\t<i aria-hidden=\"true\" class=\"fas fa-check\"><\/i>\t\t\t\t\t\t<\/span><br \/>\n\t\t\t\t\t\t\t\t\t\t<span class=\"elementor-icon-list-text\">Einen respektvollen, einf\u00fchlsamen und wertsch\u00e4tzenden Umgang<\/span>\n\t\t\t\t\t\t\t\t\t<\/li>\n<li class=\"elementor-icon-list-item\">\n\t\t\t\t\t\t\t\t\t\t\t<span class=\"elementor-icon-list-icon\"><br \/>\n\t\t\t\t\t\t\t<i aria-hidden=\"true\" class=\"fas fa-check\"><\/i>\t\t\t\t\t\t<\/span><br \/>\n\t\t\t\t\t\t\t\t\t\t<span class=\"elementor-icon-list-text\">F\u00fcr Dich mehr Klarheit, Selbstbestimmtheit und Orientierung in Deinem Leben und in Deiner beruflichen Verwirklichung<\/span>\n\t\t\t\t\t\t\t\t\t<\/li>\n<li class=\"elementor-icon-list-item\">\n\t\t\t\t\t\t\t\t\t\t\t<span class=\"elementor-icon-list-icon\"><br \/>\n\t\t\t\t\t\t\t<i aria-hidden=\"true\" class=\"fas fa-check\"><\/i>\t\t\t\t\t\t<\/span><br \/>\n\t\t\t\t\t\t\t\t\t\t<span class=\"elementor-icon-list-text\">Denkanst\u00f6\u00dfe, die es Dir erm\u00f6glichen Deine Welt aus einer neuen Perspektive zu betrachten und Dir etwas Eigenes aufzubauen<\/span>\n\t\t\t\t\t\t\t\t\t<\/li>\n<\/ul><\/div>\n<\/p><\/div>\n<div class=\"elementor-element elementor-element-6d95173 elementor-widget elementor-widget-text-editor\" data-id=\"6d95173\" data-element_type=\"widget\" data-e-type=\"widget\" data-widget_type=\"text-editor.default\">\n<div class=\"elementor-widget-container\">\n<p><strong>Schenke Dir selbst ein kostenloses Erstgespr\u00e4ch und erlebe den Unterschied!<\/strong><\/p>\n<\/p><\/div>\n<\/p><\/div>\n<div class=\"elementor-element elementor-element-38e0941 elementor-align-center elementor-widget elementor-widget-button\" data-id=\"38e0941\" data-element_type=\"widget\" data-e-type=\"widget\" data-widget_type=\"button.default\">\n<div class=\"elementor-widget-container\">\n<div class=\"elementor-button-wrapper\">\n\t\t\t\t\t<a class=\"elementor-button elementor-button-link elementor-size-md\" href=\"https:\/\/calendly.com\/houben-coaching\/30min\"><br \/>\n\t\t\t\t\t\t<span class=\"elementor-button-content-wrapper\"><br \/>\n\t\t\t\t\t\t\t\t\t<span class=\"elementor-button-text\">&gt;&gt; BUCHE JETZT DEIN ERSTGESPR\u00c4CH!<\/span><br \/>\n\t\t\t\t\t<\/span><br \/>\n\t\t\t\t\t<\/a>\n\t\t\t\t<\/div>\n<\/p><\/div>\n<\/p><\/div>\n<\/p><\/div>\n<\/p><\/div>\n<\/p><\/div>\n","protected":false},"excerpt":{"rendered":"<p>Wenn Du mit mir arbeitest, wirst Du eine starke Partnerin an Deiner Seite haben, die Dich in jeder Phase Deiner Reise zu Dir selbst unterst\u00fctzt. Gemeinsam werden wir Deine Ziele und Tr\u00e4ume anschauen,\u00a0 Hindernisse \u00fcberwinden und nat\u00fcrlich Erfolge feiern. Ich werde Dich ermutigen, inspirieren und Dir das n\u00f6tige Wissen, Handwerkszeug und Netzwerk bieten, damit Du [&hellip;]<\/p>\n","protected":false},"author":2,"featured_media":0,"parent":0,"menu_order":1,"comment_status":"closed","ping_status":"closed","template":"elementor_header_footer","meta":{"content-type":"","ocean_post_layout":"","ocean_both_sidebars_style":"","ocean_both_sidebars_content_width":0,"ocean_both_sidebars_sidebars_width":0,"ocean_sidebar":"","ocean_second_sidebar":"","ocean_disable_margins":"enable","ocean_add_body_class":"","ocean_shortcode_before_top_bar":"","ocean_shortcode_after_top_bar":"","ocean_shortcode_before_header":"","ocean_shortcode_after_header":"","ocean_has_shortcode":"","ocean_shortcode_after_title":"","ocean_shortcode_before_footer_widgets":"","ocean_shortcode_after_footer_widgets":"","ocean_shortcode_before_footer_bottom":"","ocean_shortcode_after_footer_bottom":"","ocean_display_top_bar":"default","ocean_display_header":"default","ocean_header_style":"","ocean_center_header_left_menu":"","ocean_custom_header_template":"","ocean_custom_logo":0,"ocean_custom_retina_logo":0,"ocean_custom_logo_max_width":0,"ocean_custom_logo_tablet_max_width":0,"ocean_custom_logo_mobile_max_width":0,"ocean_custom_logo_max_height":0,"ocean_custom_logo_tablet_max_height":0,"ocean_custom_logo_mobile_max_height":0,"ocean_header_custom_menu":"","ocean_menu_typo_font_family":"","ocean_menu_typo_font_subset":"","ocean_menu_typo_font_size":0,"ocean_menu_typo_font_size_tablet":0,"ocean_menu_typo_font_size_mobile":0,"ocean_menu_typo_font_size_unit":"px","ocean_menu_typo_font_weight":"","ocean_menu_typo_font_weight_tablet":"","ocean_menu_typo_font_weight_mobile":"","ocean_menu_typo_transform":"","ocean_menu_typo_transform_tablet":"","ocean_menu_typo_transform_mobile":"","ocean_menu_typo_line_height":0,"ocean_menu_typo_line_height_tablet":0,"ocean_menu_typo_line_height_mobile":0,"ocean_menu_typo_line_height_unit":"","ocean_menu_typo_spacing":0,"ocean_menu_typo_spacing_tablet":0,"ocean_menu_typo_spacing_mobile":0,"ocean_menu_typo_spacing_unit":"","ocean_menu_link_color":"","ocean_menu_link_color_hover":"","ocean_menu_link_color_active":"","ocean_menu_link_background":"","ocean_menu_link_hover_background":"","ocean_menu_link_active_background":"","ocean_menu_social_links_bg":"","ocean_menu_social_hover_links_bg":"","ocean_menu_social_links_color":"","ocean_menu_social_hover_links_color":"","ocean_disable_title":"default","ocean_disable_heading":"default","ocean_post_title":"","ocean_post_subheading":"","ocean_post_title_style":"","ocean_post_title_background_color":"","ocean_post_title_background":0,"ocean_post_title_bg_image_position":"","ocean_post_title_bg_image_attachment":"","ocean_post_title_bg_image_repeat":"","ocean_post_title_bg_image_size":"","ocean_post_title_height":0,"ocean_post_title_bg_overlay":0.5,"ocean_post_title_bg_overlay_color":"","ocean_disable_breadcrumbs":"default","ocean_breadcrumbs_color":"","ocean_breadcrumbs_separator_color":"","ocean_breadcrumbs_links_color":"","ocean_breadcrumbs_links_hover_color":"","ocean_display_footer_widgets":"default","ocean_display_footer_bottom":"default","ocean_custom_footer_template":"","footnotes":""},"class_list":["post-2726","page","type-page","status-publish","hentry","entry","owp-thumbs-layout-horizontal","owp-btn-normal","owp-tabs-layout-horizontal","has-no-thumbnails","has-product-nav"],"translation":{"provider":"WPGlobus","version":"3.0.2","language":"en","enabled_languages":["de","en"],"languages":{"de":{"title":true,"content":true,"excerpt":false},"en":{"title":false,"content":false,"excerpt":false}}},"yoast_head":"<!-- This site is optimized with the Yoast SEO plugin v27.4 - https:\/\/yoast.com\/product\/yoast-seo-wordpress\/ -->\n<title>Zusammenarbeit mit Stephanie Houben<\/title>\n<meta name=\"robots\" content=\"index, follow, max-snippet:-1, max-image-preview:large, max-video-preview:-1\" \/>\n<link rel=\"canonical\" href=\"https:\/\/houbencoaching.com\/zusammenarbeit-mit-stephanie-houben\/\" \/>\n<meta property=\"og:locale\" content=\"en_US\" \/>\n<meta property=\"og:type\" content=\"article\" \/>\n<meta property=\"og:title\" content=\"Coaching - Stephanie Houben - Female Empowerment\" \/>\n<meta property=\"og:url\" content=\"https:\/\/houbencoaching.com\/zusammenarbeit-mit-stephanie-houben\/\" \/>\n<meta property=\"og:site_name\" content=\"Stephanie Houben - Female Empowerment\" \/>\n<meta property=\"article:publisher\" content=\"https:\/\/www.facebook.com\/houbencoaching\" \/>\n<meta property=\"article:modified_time\" content=\"2024-04-30T07:49:41+00:00\" \/>\n<meta property=\"og:image\" content=\"https:\/\/houbencoaching.com\/wp-content\/uploads\/Website-header-3.png\" \/>\n<meta name=\"twitter:card\" content=\"summary_large_image\" \/>\n<meta name=\"twitter:label1\" content=\"Est. reading time\" \/>\n\t<meta name=\"twitter:data1\" content=\"2 minutes\" \/>\n<script type=\"application\/ld+json\" class=\"yoast-schema-graph\">{\"@context\":\"https:\\\/\\\/schema.org\",\"@graph\":[{\"@type\":\"WebPage\",\"@id\":\"https:\\\/\\\/houbencoaching.com\\\/zusammenarbeit-mit-stephanie-houben\\\/\",\"url\":\"https:\\\/\\\/houbencoaching.com\\\/zusammenarbeit-mit-stephanie-houben\\\/\",\"name\":\"Zusammenarbeit mit Stephanie Houben\",\"isPartOf\":{\"@id\":\"https:\\\/\\\/houbencoaching.com\\\/#website\"},\"primaryImageOfPage\":{\"@id\":\"https:\\\/\\\/houbencoaching.com\\\/zusammenarbeit-mit-stephanie-houben\\\/#primaryimage\"},\"image\":{\"@id\":\"https:\\\/\\\/houbencoaching.com\\\/zusammenarbeit-mit-stephanie-houben\\\/#primaryimage\"},\"thumbnailUrl\":\"https:\\\/\\\/houbencoaching.com\\\/wp-content\\\/uploads\\\/Website-header-3.png\",\"datePublished\":\"2023-06-14T13:16:30+00:00\",\"dateModified\":\"2024-04-30T07:49:41+00:00\",\"description\":\"Mit meiner einf\u00fchlsamen und kraftvollen Unterst\u00fctzung wirst Du endlich die Klarheit und den Mut finden, um Deine Ziele zu erreichen und Dein volles Potenzial zu entfalten. Schenke Dir selbst ein kostenloses Erstgespr\u00e4ch und erlebe den Unterschied!\",\"breadcrumb\":{\"@id\":\"https:\\\/\\\/houbencoaching.com\\\/zusammenarbeit-mit-stephanie-houben\\\/#breadcrumb\"},\"inLanguage\":\"en-US\",\"potentialAction\":[{\"@type\":\"ReadAction\",\"target\":[\"https:\\\/\\\/houbencoaching.com\\\/zusammenarbeit-mit-stephanie-houben\\\/\"]}]},{\"@type\":\"ImageObject\",\"inLanguage\":\"en-US\",\"@id\":\"https:\\\/\\\/houbencoaching.com\\\/zusammenarbeit-mit-stephanie-houben\\\/#primaryimage\",\"url\":\"https:\\\/\\\/houbencoaching.com\\\/wp-content\\\/uploads\\\/Website-header-3.png\",\"contentUrl\":\"https:\\\/\\\/houbencoaching.com\\\/wp-content\\\/uploads\\\/Website-header-3.png\"},{\"@type\":\"BreadcrumbList\",\"@id\":\"https:\\\/\\\/houbencoaching.com\\\/zusammenarbeit-mit-stephanie-houben\\\/#breadcrumb\",\"itemListElement\":[{\"@type\":\"ListItem\",\"position\":1,\"name\":\"Startseite\",\"item\":\"https:\\\/\\\/houbencoaching.com\\\/\"},{\"@type\":\"ListItem\",\"position\":2,\"name\":\"Coaching\"}]},{\"@type\":\"WebSite\",\"@id\":\"https:\\\/\\\/houbencoaching.com\\\/#website\",\"url\":\"https:\\\/\\\/houbencoaching.com\\\/\",\"name\":\"Stephanie Houben - Female Empowerment\",\"description\":\"Get clarity for your life and be happier\",\"publisher\":{\"@id\":\"https:\\\/\\\/houbencoaching.com\\\/#\\\/schema\\\/person\\\/d53ff59bb4eab42ce397cca359c06604\"},\"potentialAction\":[{\"@type\":\"SearchAction\",\"target\":{\"@type\":\"EntryPoint\",\"urlTemplate\":\"https:\\\/\\\/houbencoaching.com\\\/?s={search_term_string}\"},\"query-input\":{\"@type\":\"PropertyValueSpecification\",\"valueRequired\":true,\"valueName\":\"search_term_string\"}}],\"inLanguage\":\"en-US\"},{\"@type\":[\"Person\",\"Organization\"],\"@id\":\"https:\\\/\\\/houbencoaching.com\\\/#\\\/schema\\\/person\\\/d53ff59bb4eab42ce397cca359c06604\",\"name\":\"Stephanie Houben\",\"image\":{\"@type\":\"ImageObject\",\"inLanguage\":\"en-US\",\"@id\":\"https:\\\/\\\/houbencoaching.com\\\/wp-content\\\/uploads\\\/cropped-Logo-Houben-C.png\",\"url\":\"https:\\\/\\\/houbencoaching.com\\\/wp-content\\\/uploads\\\/cropped-Logo-Houben-C.png\",\"contentUrl\":\"https:\\\/\\\/houbencoaching.com\\\/wp-content\\\/uploads\\\/cropped-Logo-Houben-C.png\",\"width\":512,\"height\":512,\"caption\":\"Stephanie Houben\"},\"logo\":{\"@id\":\"https:\\\/\\\/houbencoaching.com\\\/wp-content\\\/uploads\\\/cropped-Logo-Houben-C.png\"},\"sameAs\":[\"https:\\\/\\\/www.facebook.com\\\/houbencoaching\",\"https:\\\/\\\/www.instagram.com\\\/steph.houben\\\/\"]}]}<\/script>\n<!-- \/ Yoast SEO plugin. -->","yoast_head_json":{"title":"Zusammenarbeit mit Stephanie Houben","robots":{"index":"index","follow":"follow","max-snippet":"max-snippet:-1","max-image-preview":"max-image-preview:large","max-video-preview":"max-video-preview:-1"},"canonical":"https:\/\/houbencoaching.com\/zusammenarbeit-mit-stephanie-houben\/","og_locale":"en_US","og_type":"article","og_title":"Coaching - Stephanie Houben - Female Empowerment","og_url":"https:\/\/houbencoaching.com\/zusammenarbeit-mit-stephanie-houben\/","og_site_name":"Stephanie Houben - Female Empowerment","article_publisher":"https:\/\/www.facebook.com\/houbencoaching","article_modified_time":"2024-04-30T07:49:41+00:00","og_image":[{"url":"https:\/\/houbencoaching.com\/wp-content\/uploads\/Website-header-3.png","type":"","width":"","height":""}],"twitter_card":"summary_large_image","twitter_misc":{"Est. reading time":"2 minutes"},"schema":{"@context":"https:\/\/schema.org","@graph":[{"@type":"WebPage","@id":"https:\/\/houbencoaching.com\/zusammenarbeit-mit-stephanie-houben\/","url":"https:\/\/houbencoaching.com\/zusammenarbeit-mit-stephanie-houben\/","name":"Zusammenarbeit mit Stephanie Houben","isPartOf":{"@id":"https:\/\/houbencoaching.com\/#website"},"primaryImageOfPage":{"@id":"https:\/\/houbencoaching.com\/zusammenarbeit-mit-stephanie-houben\/#primaryimage"},"image":{"@id":"https:\/\/houbencoaching.com\/zusammenarbeit-mit-stephanie-houben\/#primaryimage"},"thumbnailUrl":"https:\/\/houbencoaching.com\/wp-content\/uploads\/Website-header-3.png","datePublished":"2023-06-14T13:16:30+00:00","dateModified":"2024-04-30T07:49:41+00:00","description":"Mit meiner einf\u00fchlsamen und kraftvollen Unterst\u00fctzung wirst Du endlich die Klarheit und den Mut finden, um Deine Ziele zu erreichen und Dein volles Potenzial zu entfalten. Schenke Dir selbst ein kostenloses Erstgespr\u00e4ch und erlebe den Unterschied!","breadcrumb":{"@id":"https:\/\/houbencoaching.com\/zusammenarbeit-mit-stephanie-houben\/#breadcrumb"},"inLanguage":"en-US","potentialAction":[{"@type":"ReadAction","target":["https:\/\/houbencoaching.com\/zusammenarbeit-mit-stephanie-houben\/"]}]},{"@type":"ImageObject","inLanguage":"en-US","@id":"https:\/\/houbencoaching.com\/zusammenarbeit-mit-stephanie-houben\/#primaryimage","url":"https:\/\/houbencoaching.com\/wp-content\/uploads\/Website-header-3.png","contentUrl":"https:\/\/houbencoaching.com\/wp-content\/uploads\/Website-header-3.png"},{"@type":"BreadcrumbList","@id":"https:\/\/houbencoaching.com\/zusammenarbeit-mit-stephanie-houben\/#breadcrumb","itemListElement":[{"@type":"ListItem","position":1,"name":"Startseite","item":"https:\/\/houbencoaching.com\/"},{"@type":"ListItem","position":2,"name":"Coaching"}]},{"@type":"WebSite","@id":"https:\/\/houbencoaching.com\/#website","url":"https:\/\/houbencoaching.com\/","name":"Stephanie Houben - Female Empowerment","description":"Get clarity for your life and be happier","publisher":{"@id":"https:\/\/houbencoaching.com\/#\/schema\/person\/d53ff59bb4eab42ce397cca359c06604"},"potentialAction":[{"@type":"SearchAction","target":{"@type":"EntryPoint","urlTemplate":"https:\/\/houbencoaching.com\/?s={search_term_string}"},"query-input":{"@type":"PropertyValueSpecification","valueRequired":true,"valueName":"search_term_string"}}],"inLanguage":"en-US"},{"@type":["Person","Organization"],"@id":"https:\/\/houbencoaching.com\/#\/schema\/person\/d53ff59bb4eab42ce397cca359c06604","name":"Stephanie Houben","image":{"@type":"ImageObject","inLanguage":"en-US","@id":"https:\/\/houbencoaching.com\/wp-content\/uploads\/cropped-Logo-Houben-C.png","url":"https:\/\/houbencoaching.com\/wp-content\/uploads\/cropped-Logo-Houben-C.png","contentUrl":"https:\/\/houbencoaching.com\/wp-content\/uploads\/cropped-Logo-Houben-C.png","width":512,"height":512,"caption":"Stephanie Houben"},"logo":{"@id":"https:\/\/houbencoaching.com\/wp-content\/uploads\/cropped-Logo-Houben-C.png"},"sameAs":["https:\/\/www.facebook.com\/houbencoaching","https:\/\/www.instagram.com\/steph.houben\/"]}]}},"_links":{"self":[{"href":"https:\/\/houbencoaching.com\/en\/wp-json\/wp\/v2\/pages\/2726","targetHints":{"allow":["GET"]}}],"collection":[{"href":"https:\/\/houbencoaching.com\/en\/wp-json\/wp\/v2\/pages"}],"about":[{"href":"https:\/\/houbencoaching.com\/en\/wp-json\/wp\/v2\/types\/page"}],"author":[{"embeddable":true,"href":"https:\/\/houbencoaching.com\/en\/wp-json\/wp\/v2\/users\/2"}],"replies":[{"embeddable":true,"href":"https:\/\/houbencoaching.com\/en\/wp-json\/wp\/v2\/comments?post=2726"}],"version-history":[{"count":58,"href":"https:\/\/houbencoaching.com\/en\/wp-json\/wp\/v2\/pages\/2726\/revisions"}],"predecessor-version":[{"id":3133,"href":"https:\/\/houbencoaching.com\/en\/wp-json\/wp\/v2\/pages\/2726\/revisions\/3133"}],"wp:attachment":[{"href":"https:\/\/houbencoaching.com\/en\/wp-json\/wp\/v2\/media?parent=2726"}],"curies":[{"name":"wp","href":"https:\/\/api.w.org\/{rel}","templated":true}]}}