{"id":1652,"date":"2023-05-26T12:03:04","date_gmt":"2023-05-26T10:03:04","guid":{"rendered":"https:\/\/houbencoaching.com\/?page_id=1652"},"modified":"2024-04-30T09:52:05","modified_gmt":"2024-04-30T07:52:05","slug":"stephanie-houben","status":"publish","type":"page","link":"https:\/\/houbencoaching.com\/en\/stephanie-houben\/","title":{"rendered":"Stephanie Houben"},"content":{"rendered":"\n<div data-elementor-type=\"wp-page\" data-elementor-id=\"1652\" class=\"elementor elementor-1652\">\n<section class=\"elementor-section elementor-top-section elementor-element elementor-element-fdc55b7 elementor-section-boxed elementor-section-height-default elementor-section-height-default\" data-id=\"fdc55b7\" data-element_type=\"section\" data-e-type=\"section\">\n<div class=\"elementor-container elementor-column-gap-default\">\n<div class=\"elementor-column elementor-col-100 elementor-top-column elementor-element elementor-element-c0cafcc\" data-id=\"c0cafcc\" data-element_type=\"column\" data-e-type=\"column\">\n<div class=\"elementor-widget-wrap elementor-element-populated\">\n<section class=\"elementor-section elementor-inner-section elementor-element elementor-element-fd8d408 elementor-section-boxed elementor-section-height-default elementor-section-height-default\" data-id=\"fd8d408\" data-element_type=\"section\" data-e-type=\"section\">\n<div class=\"elementor-container elementor-column-gap-default\">\n<div class=\"elementor-column elementor-col-50 elementor-inner-column elementor-element elementor-element-2e0d1f5\" data-id=\"2e0d1f5\" data-element_type=\"column\" data-e-type=\"column\">\n<div class=\"elementor-widget-wrap elementor-element-populated\">\n<div class=\"elementor-element elementor-element-111efda elementor-widget elementor-widget-image\" data-id=\"111efda\" data-element_type=\"widget\" data-e-type=\"widget\" data-widget_type=\"image.default\">\n<div class=\"elementor-widget-container\">\n\t\t\t\t\t\t\t\t\t\t\t\t\t\t\t<img decoding=\"async\" src=\"https:\/\/houbencoaching.com\/wp-content\/uploads\/elementor\/thumbs\/AV_00229_2-q7wmmzlk34utkpfu8p24pitvq76c7v64qw95p7f82o.jpg\" title=\"AV_00229_2\" alt=\"Stephanie Houben\" loading=\"lazy\" \/>\t\t\t\t\t\t\t\t\t\t\t\t\t\t\t<\/div>\n<\/p><\/div>\n<\/p><\/div>\n<\/p><\/div>\n<div class=\"elementor-column elementor-col-50 elementor-inner-column elementor-element elementor-element-6cb79c4\" data-id=\"6cb79c4\" data-element_type=\"column\" data-e-type=\"column\">\n<div class=\"elementor-widget-wrap elementor-element-populated\">\n<div class=\"elementor-element elementor-element-4e4b8aa elementor-widget__width-initial elementor-widget elementor-widget-text-editor\" data-id=\"4e4b8aa\" data-element_type=\"widget\" data-e-type=\"widget\" data-widget_type=\"text-editor.default\">\n<div class=\"elementor-widget-container\">\n<p><strong>Hi, mein Name ist Stephanie Houben und ich bin mehr als nur ein Coach. Ich bin Deine Verb\u00fcndete, Deine Inspiratorin, Deine Sparringspartnerin und Deine Wegbegleiterin.<\/strong><\/p>\n<p>Mit meiner Leidenschaft f\u00fcr Menschen und meiner tiefen Expertise in Coaching,\u00a0 Pers\u00f6nlichkeitsentwicklung und Marketing helfe ich Dir dabei, Deine Blockaden zu l\u00f6sen, Dein wahres Potenzial zu entfalten und Dein selbstbewusstes Ich zu st\u00e4rken.<\/p>\n<p>Meine Mission ist es, Dich auf deinem Weg zu einem gl\u00fccklichen, sinnvollen und erf\u00fcllten Leben zu unterst\u00fctzen und Dir zu zeigen, dass alles m\u00f6glich ist, wenn du nur daran glaubst.<\/p>\n<p><strong>Ein wenig zu meiner Story:<\/strong><\/p>\n<p>Ich erinnere mich noch genau an den Sommer 2009, als ich auf meinem Balkon stand und ein Gef\u00fchl der Leere, der Ersch\u00f6pfung und der Frustration versp\u00fcrte. Mein Business hatte sich in eine v\u00f6llig andere Richtung entwickelt als ertr\u00e4umt. Kurz gesagt, nichts lief wie geplant.<\/p>\n<p>Drei Jahre hatte ich versucht, ein Business mit dem Vertrieb von australischen Kosmetika aufzubauen, und nun stand ich an diesem sonnigen Tag auf meinem Balkon und weinte. Ich war w\u00fctend auf mich selbst, auf die Umst\u00e4nde und auf die Welt.<\/p>\n<p>Trotz meiner Ausbildung als Diplom-Kauffrau und meiner langj\u00e4hrigen Erfahrung im Marketing hatte ich untersch\u00e4tzt, <strong>WIE SCHWIERIG es wirklich sein w\u00fcrde, alles alleine zu bew\u00e4ltigen.<\/strong> Ich hatte versucht Marketing, Vertrieb und Finanzen allein zu stemmen.<\/p>\n<p>An diesem Tag auf dem Balkon wurde mir klar, dass Schluss sein sollte. <strong>Ich wollte aufh\u00f6ren zu jammern und die Verantwortung f\u00fcr mein Leben wieder \u00fcbernehmen<\/strong>.<\/p>\n<\/p><\/div>\n<\/p><\/div>\n<\/p><\/div>\n<\/p><\/div>\n<\/p><\/div>\n<\/section>\n<section class=\"elementor-section elementor-inner-section elementor-element elementor-element-0bef939 elementor-section-boxed elementor-section-height-default elementor-section-height-default\" data-id=\"0bef939\" data-element_type=\"section\" data-e-type=\"section\">\n<div class=\"elementor-container elementor-column-gap-default\">\n<div class=\"elementor-column elementor-col-50 elementor-inner-column elementor-element elementor-element-525b7dc\" data-id=\"525b7dc\" data-element_type=\"column\" data-e-type=\"column\">\n<div class=\"elementor-widget-wrap elementor-element-populated\">\n<div class=\"elementor-element elementor-element-5622ef7 elementor-widget elementor-widget-accordion\" data-id=\"5622ef7\" data-element_type=\"widget\" data-e-type=\"widget\" data-widget_type=\"accordion.default\">\n<div class=\"elementor-widget-container\">\n<div class=\"elementor-accordion\">\n<div class=\"elementor-accordion-item\">\n<div id=\"elementor-tab-title-9031\" class=\"elementor-tab-title\" data-tab=\"1\" role=\"button\" aria-controls=\"elementor-tab-content-9031\" aria-expanded=\"false\">\n\t\t\t\t\t\t\t\t\t\t\t\t\t<span class=\"elementor-accordion-icon elementor-accordion-icon-left\" aria-hidden=\"true\"><br \/>\n\t\t\t\t\t\t\t\t\t\t\t\t\t\t\t<span class=\"elementor-accordion-icon-closed\"><i class=\"fas fa-plus\"><\/i><\/span><br \/>\n\t\t\t\t\t\t\t\t<span class=\"elementor-accordion-icon-opened\"><i class=\"fas fa-minus\"><\/i><\/span><br \/>\n\t\t\t\t\t\t\t\t\t\t\t\t\t\t<\/span><br \/>\n\t\t\t\t\t\t\t\t\t\t\t\t<a class=\"elementor-accordion-title\" tabindex=\"0\">Mein Weg<\/a>\n\t\t\t\t\t<\/div>\n<div id=\"elementor-tab-content-9031\" class=\"elementor-tab-content elementor-clearfix\" data-tab=\"1\" role=\"region\" aria-labelledby=\"elementor-tab-title-9031\">\n<ul>\n<li>Diplom-Kauffrau (RWTH Aachen)<\/li>\n<li>Zert. Personal &amp; Business Coach <br \/>(SGD, Migge Institut)<\/li>\n<li>Projektmanagement-Fachfrau <br \/>(GPM)<\/li>\n<li>Marketing- und Coachingprofi <br \/>mit fast 30 Jahren Berufserfahrung<\/li>\n<li>Langj\u00e4hrige Mentorin, <br \/>Gutachterin und Beraterin im Rahmen der Businessplanwettbewerbe der IHK Aachen und des KfW Gr\u00fcnder Coachings<\/li>\n<\/ul>\n<\/div><\/div>\n<div class=\"elementor-accordion-item\">\n<div id=\"elementor-tab-title-9032\" class=\"elementor-tab-title\" data-tab=\"2\" role=\"button\" aria-controls=\"elementor-tab-content-9032\" aria-expanded=\"false\">\n\t\t\t\t\t\t\t\t\t\t\t\t\t<span class=\"elementor-accordion-icon elementor-accordion-icon-left\" aria-hidden=\"true\"><br \/>\n\t\t\t\t\t\t\t\t\t\t\t\t\t\t\t<span class=\"elementor-accordion-icon-closed\"><i class=\"fas fa-plus\"><\/i><\/span><br \/>\n\t\t\t\t\t\t\t\t<span class=\"elementor-accordion-icon-opened\"><i class=\"fas fa-minus\"><\/i><\/span><br \/>\n\t\t\t\t\t\t\t\t\t\t\t\t\t\t<\/span><br \/>\n\t\t\t\t\t\t\t\t\t\t\t\t<a class=\"elementor-accordion-title\" tabindex=\"0\">Meine Schwerpunkte<\/a>\n\t\t\t\t\t<\/div>\n<div id=\"elementor-tab-content-9032\" class=\"elementor-tab-content elementor-clearfix\" data-tab=\"2\" role=\"region\" aria-labelledby=\"elementor-tab-title-9032\">\n<ul>\n<li>Berufliche (Neu-)Orientierung<\/li>\n<li>Pers\u00f6nliche Entwicklung und Identit\u00e4t<\/li>\n<li>Erf\u00fcllung und Sinnorientierung im Leben<\/li>\n<li>Zielgruppenanalyse und Positionierung<\/li>\n<li>Umgang mit Problemen, Konflikten und Krisen<\/li>\n<\/ul>\n<\/div><\/div>\n<div class=\"elementor-accordion-item\">\n<div id=\"elementor-tab-title-9033\" class=\"elementor-tab-title\" data-tab=\"3\" role=\"button\" aria-controls=\"elementor-tab-content-9033\" aria-expanded=\"false\">\n\t\t\t\t\t\t\t\t\t\t\t\t\t<span class=\"elementor-accordion-icon elementor-accordion-icon-left\" aria-hidden=\"true\"><br \/>\n\t\t\t\t\t\t\t\t\t\t\t\t\t\t\t<span class=\"elementor-accordion-icon-closed\"><i class=\"fas fa-plus\"><\/i><\/span><br \/>\n\t\t\t\t\t\t\t\t<span class=\"elementor-accordion-icon-opened\"><i class=\"fas fa-minus\"><\/i><\/span><br \/>\n\t\t\t\t\t\t\t\t\t\t\t\t\t\t<\/span><br \/>\n\t\t\t\t\t\t\t\t\t\t\t\t<a class=\"elementor-accordion-title\" tabindex=\"0\">Spezielle Angebote<\/a>\n\t\t\t\t\t<\/div>\n<div id=\"elementor-tab-content-9033\" class=\"elementor-tab-content elementor-clearfix\" data-tab=\"3\" role=\"region\" aria-labelledby=\"elementor-tab-title-9033\">\n<ul>\n<li>F\u00fchrungskr\u00e4ftecoaching \/ -entwicklung<\/li>\n<li>Coaching und Training von Mitarbeitern<\/li>\n<li>Coaching\/Seminare zu den Themen Selbstmarketing, <br \/>Selbstdarstellung und Pr\u00e4sentation<\/li>\n<li>Coaching\/Seminare zu den Themen Zielfindung, <br \/>Kommunikation, Karriere<\/li>\n<li>Review von Marketing- und Businesspl\u00e4nen<\/li>\n<\/ul>\n<\/div><\/div>\n<\/p><\/div>\n<\/p><\/div>\n<\/p><\/div>\n<\/p><\/div>\n<\/p><\/div>\n<div class=\"elementor-column elementor-col-50 elementor-inner-column elementor-element elementor-element-e6e611e\" data-id=\"e6e611e\" data-element_type=\"column\" data-e-type=\"column\">\n<div class=\"elementor-widget-wrap elementor-element-populated\">\n<div class=\"elementor-element elementor-element-3fc8156 elementor-widget elementor-widget-text-editor\" data-id=\"3fc8156\" data-element_type=\"widget\" data-e-type=\"widget\" data-widget_type=\"text-editor.default\">\n<div class=\"elementor-widget-container\">\n<p>So fasste ich den Mut, alles hinter mir zu lassen und nochmal neu anzufangen.<\/p>\n<p>Und nur eine Woche nach meiner Entscheidung erhielt ich einen Anruf von der IHK. Sie bedauerten mein Aufgeben, erkannten jedoch meine positiven, motivierenden und wertvollen Eigenschaften. Sie boten mir eine exklusive Stelle bei ihnen als Coach und Mentorin im Rahmen des Businessplanwettbewerbs an. Ich konnte mein Gl\u00fcck kaum fassen. Hier konnte ich endlich meine Talente und F\u00e4higkeiten nutzen, um angehenden UnternehmerInnen kreativ zu helfen.<\/p>\n<p>Das Coaching und Mentoring der Gr\u00fcnder bei der IHK war f\u00fcr mich eine Offenbarung. Es erf\u00fcllte mein Herz, sie bei allen Schritten bis in ihre erfolgreiche Selbst\u00e4ndigkeit zu begleiten und zu coachen. Es war ein wunderbares Gef\u00fchl, ihr Leuchten in den Augen zu sehen, wenn sie ihren Businessplan in den H\u00e4nden hielten und ihren Traum verwirklichen konnten.<\/p>\n<p>Doch nach all den Jahren mit wundervollen Gr\u00fcnderinnen und Gr\u00fcndern wurde mir aber klar, dass das \u00dcbel, n\u00e4mlich das Gedankenchaos bereits VOR der Gr\u00fcndung liegt. oftmals fehlte es an der <strong>Klarheit, was man denn eigentlich will und vor allem, was man nicht will<\/strong>. Und so habe ich mich entschlossen, hier den Schwerpunkt zu setzen.<\/p>\n<p><strong>Gerne helfe ich auch Dir weiter, damit Du endlich Dein erf\u00fclltes und gl\u00fcckliches Leben leben kannst.<\/strong><\/p>\n<\/p><\/div>\n<\/p><\/div>\n<div class=\"elementor-element elementor-element-a72a9ab elementor-align-center elementor-widget elementor-widget-button\" data-id=\"a72a9ab\" data-element_type=\"widget\" data-e-type=\"widget\" data-widget_type=\"button.default\">\n<div class=\"elementor-widget-container\">\n<div class=\"elementor-button-wrapper\">\n\t\t\t\t\t<a class=\"elementor-button elementor-button-link elementor-size-sm\" href=\"https:\/\/calendly.com\/houben-coaching\/30min\"><br \/>\n\t\t\t\t\t\t<span class=\"elementor-button-content-wrapper\"><br \/>\n\t\t\t\t\t\t\t\t\t<span class=\"elementor-button-text\">&gt;&gt; Buche Dir jetzt Dein Gespr\u00e4ch<\/span><br \/>\n\t\t\t\t\t<\/span><br \/>\n\t\t\t\t\t<\/a>\n\t\t\t\t<\/div>\n<\/p><\/div>\n<\/p><\/div>\n<div class=\"elementor-element elementor-element-610c009 elementor-widget elementor-widget-text-editor\" data-id=\"610c009\" data-element_type=\"widget\" data-e-type=\"widget\" data-widget_type=\"text-editor.default\">\n<div class=\"elementor-widget-container\">\n<p>Mitglied im<\/p>\n<\/p><\/div>\n<\/p><\/div>\n<div class=\"elementor-element elementor-element-bc95d7c elementor-widget elementor-widget-image\" data-id=\"bc95d7c\" data-element_type=\"widget\" data-e-type=\"widget\" data-widget_type=\"image.default\">\n<div class=\"elementor-widget-container\">\n\t\t\t\t\t\t\t\t\t\t\t\t\t\t\t<img decoding=\"async\" src=\"https:\/\/houbencoaching.com\/wp-content\/uploads\/elementor\/thumbs\/DFC-logo_var_xl-8b30ec41-383w-q7y6zj2mjgi34xny25qfra3z3z61gjn4h3aksc1zoo.webp\" title=\"DFC-logo_var_xl-8b30ec41-383w\" alt=\"DFC-logo_var_xl-8b30ec41-383w\" loading=\"lazy\" \/>\t\t\t\t\t\t\t\t\t\t\t\t\t\t\t<\/div>\n<\/p><\/div>\n<\/p><\/div>\n<\/p><\/div>\n<\/p><\/div>\n<\/section><\/div>\n<\/p><\/div>\n<\/p><\/div>\n<\/section><\/div>\n","protected":false},"excerpt":{"rendered":"<p>Hi, mein Name ist Stephanie Houben und ich bin mehr als nur ein Coach. Ich bin Deine Verb\u00fcndete, Deine Inspiratorin, Deine Sparringspartnerin und Deine Wegbegleiterin. Mit meiner Leidenschaft f\u00fcr Menschen und meiner tiefen Expertise in Coaching,\u00a0 Pers\u00f6nlichkeitsentwicklung und Marketing helfe ich Dir dabei, Deine Blockaden zu l\u00f6sen, Dein wahres Potenzial zu entfalten und Dein selbstbewusstes [&hellip;]<\/p>\n","protected":false},"author":2,"featured_media":0,"parent":0,"menu_order":2,"comment_status":"closed","ping_status":"closed","template":"elementor_header_footer","meta":{"content-type":"","ocean_post_layout":"","ocean_both_sidebars_style":"","ocean_both_sidebars_content_width":0,"ocean_both_sidebars_sidebars_width":0,"ocean_sidebar":"","ocean_second_sidebar":"","ocean_disable_margins":"enable","ocean_add_body_class":"","ocean_shortcode_before_top_bar":"","ocean_shortcode_after_top_bar":"","ocean_shortcode_before_header":"","ocean_shortcode_after_header":"","ocean_has_shortcode":"","ocean_shortcode_after_title":"","ocean_shortcode_before_footer_widgets":"","ocean_shortcode_after_footer_widgets":"","ocean_shortcode_before_footer_bottom":"","ocean_shortcode_after_footer_bottom":"","ocean_display_top_bar":"default","ocean_display_header":"default","ocean_header_style":"","ocean_center_header_left_menu":"","ocean_custom_header_template":"","ocean_custom_logo":0,"ocean_custom_retina_logo":0,"ocean_custom_logo_max_width":0,"ocean_custom_logo_tablet_max_width":0,"ocean_custom_logo_mobile_max_width":0,"ocean_custom_logo_max_height":0,"ocean_custom_logo_tablet_max_height":0,"ocean_custom_logo_mobile_max_height":0,"ocean_header_custom_menu":"","ocean_menu_typo_font_family":"","ocean_menu_typo_font_subset":"","ocean_menu_typo_font_size":0,"ocean_menu_typo_font_size_tablet":0,"ocean_menu_typo_font_size_mobile":0,"ocean_menu_typo_font_size_unit":"px","ocean_menu_typo_font_weight":"","ocean_menu_typo_font_weight_tablet":"","ocean_menu_typo_font_weight_mobile":"","ocean_menu_typo_transform":"","ocean_menu_typo_transform_tablet":"","ocean_menu_typo_transform_mobile":"","ocean_menu_typo_line_height":0,"ocean_menu_typo_line_height_tablet":0,"ocean_menu_typo_line_height_mobile":0,"ocean_menu_typo_line_height_unit":"","ocean_menu_typo_spacing":0,"ocean_menu_typo_spacing_tablet":0,"ocean_menu_typo_spacing_mobile":0,"ocean_menu_typo_spacing_unit":"","ocean_menu_link_color":"","ocean_menu_link_color_hover":"","ocean_menu_link_color_active":"","ocean_menu_link_background":"","ocean_menu_link_hover_background":"","ocean_menu_link_active_background":"","ocean_menu_social_links_bg":"","ocean_menu_social_hover_links_bg":"","ocean_menu_social_links_color":"","ocean_menu_social_hover_links_color":"","ocean_disable_title":"default","ocean_disable_heading":"default","ocean_post_title":"","ocean_post_subheading":"","ocean_post_title_style":"","ocean_post_title_background_color":"","ocean_post_title_background":0,"ocean_post_title_bg_image_position":"","ocean_post_title_bg_image_attachment":"","ocean_post_title_bg_image_repeat":"","ocean_post_title_bg_image_size":"","ocean_post_title_height":0,"ocean_post_title_bg_overlay":0.5,"ocean_post_title_bg_overlay_color":"","ocean_disable_breadcrumbs":"default","ocean_breadcrumbs_color":"","ocean_breadcrumbs_separator_color":"","ocean_breadcrumbs_links_color":"","ocean_breadcrumbs_links_hover_color":"","ocean_display_footer_widgets":"default","ocean_display_footer_bottom":"default","ocean_custom_footer_template":"","footnotes":""},"class_list":["post-1652","page","type-page","status-publish","hentry","entry","owp-thumbs-layout-horizontal","owp-btn-normal","owp-tabs-layout-horizontal","has-no-thumbnails","has-product-nav"],"translation":{"provider":"WPGlobus","version":"3.0.2","language":"en","enabled_languages":["de","en"],"languages":{"de":{"title":true,"content":true,"excerpt":false},"en":{"title":false,"content":false,"excerpt":false}}},"yoast_head":"<!-- This site is optimized with the Yoast SEO plugin v27.4 - https:\/\/yoast.com\/product\/yoast-seo-wordpress\/ -->\n<title>Stephanie Houben - Stephanie Houben - Female Empowerment<\/title>\n<meta name=\"robots\" content=\"index, follow, max-snippet:-1, max-image-preview:large, max-video-preview:-1\" \/>\n<link rel=\"canonical\" href=\"https:\/\/houbencoaching.com\/stephanie-houben\/\" \/>\n<meta property=\"og:locale\" content=\"en_US\" \/>\n<meta property=\"og:type\" content=\"article\" \/>\n<meta property=\"og:title\" content=\"Stephanie Houben - Stephanie Houben - Female Empowerment\" \/>\n<meta property=\"og:url\" content=\"https:\/\/houbencoaching.com\/stephanie-houben\/\" \/>\n<meta property=\"og:site_name\" content=\"Stephanie Houben - Female Empowerment\" \/>\n<meta property=\"article:publisher\" content=\"https:\/\/www.facebook.com\/houbencoaching\" \/>\n<meta property=\"article:modified_time\" content=\"2024-04-30T07:52:05+00:00\" \/>\n<meta property=\"og:image\" content=\"https:\/\/houbencoaching.com\/wp-content\/uploads\/elementor\/thumbs\/AV_00229_2-q7wmmzlk34utkpfu8p24pitvq76c7v64qw95p7f82o.jpg\" \/>\n<meta name=\"twitter:card\" content=\"summary_large_image\" \/>\n<meta name=\"twitter:label1\" content=\"Est. reading time\" \/>\n\t<meta name=\"twitter:data1\" content=\"4 minutes\" \/>\n<script type=\"application\/ld+json\" class=\"yoast-schema-graph\">{\"@context\":\"https:\\\/\\\/schema.org\",\"@graph\":[{\"@type\":\"WebPage\",\"@id\":\"https:\\\/\\\/houbencoaching.com\\\/stephanie-houben\\\/\",\"url\":\"https:\\\/\\\/houbencoaching.com\\\/stephanie-houben\\\/\",\"name\":\"Stephanie Houben - Stephanie Houben - Female Empowerment\",\"isPartOf\":{\"@id\":\"https:\\\/\\\/houbencoaching.com\\\/#website\"},\"primaryImageOfPage\":{\"@id\":\"https:\\\/\\\/houbencoaching.com\\\/stephanie-houben\\\/#primaryimage\"},\"image\":{\"@id\":\"https:\\\/\\\/houbencoaching.com\\\/stephanie-houben\\\/#primaryimage\"},\"thumbnailUrl\":\"https:\\\/\\\/houbencoaching.com\\\/wp-content\\\/uploads\\\/elementor\\\/thumbs\\\/AV_00229_2-q7wmmzlk34utkpfu8p24pitvq76c7v64qw95p7f82o.jpg\",\"datePublished\":\"2023-05-26T10:03:04+00:00\",\"dateModified\":\"2024-04-30T07:52:05+00:00\",\"description\":\"Es ist Zeit, Deine innere St\u00e4rke zu entdecken und Dein wahres Potenzial zu entfesseln! Als Life & Business Coach begleite ich Dich auf Deinem Weg zu einem gl\u00fccklicheren und erf\u00fcllteren Leben. Hier erf\u00e4hrst Du mehr \u00fcber mich...\",\"breadcrumb\":{\"@id\":\"https:\\\/\\\/houbencoaching.com\\\/stephanie-houben\\\/#breadcrumb\"},\"inLanguage\":\"en-US\",\"potentialAction\":[{\"@type\":\"ReadAction\",\"target\":[\"https:\\\/\\\/houbencoaching.com\\\/stephanie-houben\\\/\"]}]},{\"@type\":\"ImageObject\",\"inLanguage\":\"en-US\",\"@id\":\"https:\\\/\\\/houbencoaching.com\\\/stephanie-houben\\\/#primaryimage\",\"url\":\"https:\\\/\\\/houbencoaching.com\\\/wp-content\\\/uploads\\\/elementor\\\/thumbs\\\/AV_00229_2-q7wmmzlk34utkpfu8p24pitvq76c7v64qw95p7f82o.jpg\",\"contentUrl\":\"https:\\\/\\\/houbencoaching.com\\\/wp-content\\\/uploads\\\/elementor\\\/thumbs\\\/AV_00229_2-q7wmmzlk34utkpfu8p24pitvq76c7v64qw95p7f82o.jpg\"},{\"@type\":\"BreadcrumbList\",\"@id\":\"https:\\\/\\\/houbencoaching.com\\\/stephanie-houben\\\/#breadcrumb\",\"itemListElement\":[{\"@type\":\"ListItem\",\"position\":1,\"name\":\"Startseite\",\"item\":\"https:\\\/\\\/houbencoaching.com\\\/\"},{\"@type\":\"ListItem\",\"position\":2,\"name\":\"Stephanie Houben\"}]},{\"@type\":\"WebSite\",\"@id\":\"https:\\\/\\\/houbencoaching.com\\\/#website\",\"url\":\"https:\\\/\\\/houbencoaching.com\\\/\",\"name\":\"Stephanie Houben - Female Empowerment\",\"description\":\"Get clarity for your life and be happier\",\"publisher\":{\"@id\":\"https:\\\/\\\/houbencoaching.com\\\/#\\\/schema\\\/person\\\/d53ff59bb4eab42ce397cca359c06604\"},\"potentialAction\":[{\"@type\":\"SearchAction\",\"target\":{\"@type\":\"EntryPoint\",\"urlTemplate\":\"https:\\\/\\\/houbencoaching.com\\\/?s={search_term_string}\"},\"query-input\":{\"@type\":\"PropertyValueSpecification\",\"valueRequired\":true,\"valueName\":\"search_term_string\"}}],\"inLanguage\":\"en-US\"},{\"@type\":[\"Person\",\"Organization\"],\"@id\":\"https:\\\/\\\/houbencoaching.com\\\/#\\\/schema\\\/person\\\/d53ff59bb4eab42ce397cca359c06604\",\"name\":\"Stephanie Houben\",\"image\":{\"@type\":\"ImageObject\",\"inLanguage\":\"en-US\",\"@id\":\"https:\\\/\\\/houbencoaching.com\\\/wp-content\\\/uploads\\\/cropped-Logo-Houben-C.png\",\"url\":\"https:\\\/\\\/houbencoaching.com\\\/wp-content\\\/uploads\\\/cropped-Logo-Houben-C.png\",\"contentUrl\":\"https:\\\/\\\/houbencoaching.com\\\/wp-content\\\/uploads\\\/cropped-Logo-Houben-C.png\",\"width\":512,\"height\":512,\"caption\":\"Stephanie Houben\"},\"logo\":{\"@id\":\"https:\\\/\\\/houbencoaching.com\\\/wp-content\\\/uploads\\\/cropped-Logo-Houben-C.png\"},\"sameAs\":[\"https:\\\/\\\/www.facebook.com\\\/houbencoaching\",\"https:\\\/\\\/www.instagram.com\\\/steph.houben\\\/\"]}]}<\/script>\n<!-- \/ Yoast SEO plugin. -->","yoast_head_json":{"title":"Stephanie Houben - Stephanie Houben - Female Empowerment","robots":{"index":"index","follow":"follow","max-snippet":"max-snippet:-1","max-image-preview":"max-image-preview:large","max-video-preview":"max-video-preview:-1"},"canonical":"https:\/\/houbencoaching.com\/stephanie-houben\/","og_locale":"en_US","og_type":"article","og_title":"Stephanie Houben - Stephanie Houben - Female Empowerment","og_url":"https:\/\/houbencoaching.com\/stephanie-houben\/","og_site_name":"Stephanie Houben - Female Empowerment","article_publisher":"https:\/\/www.facebook.com\/houbencoaching","article_modified_time":"2024-04-30T07:52:05+00:00","og_image":[{"url":"https:\/\/houbencoaching.com\/wp-content\/uploads\/elementor\/thumbs\/AV_00229_2-q7wmmzlk34utkpfu8p24pitvq76c7v64qw95p7f82o.jpg","type":"","width":"","height":""}],"twitter_card":"summary_large_image","twitter_misc":{"Est. reading time":"4 minutes"},"schema":{"@context":"https:\/\/schema.org","@graph":[{"@type":"WebPage","@id":"https:\/\/houbencoaching.com\/stephanie-houben\/","url":"https:\/\/houbencoaching.com\/stephanie-houben\/","name":"Stephanie Houben - Stephanie Houben - Female Empowerment","isPartOf":{"@id":"https:\/\/houbencoaching.com\/#website"},"primaryImageOfPage":{"@id":"https:\/\/houbencoaching.com\/stephanie-houben\/#primaryimage"},"image":{"@id":"https:\/\/houbencoaching.com\/stephanie-houben\/#primaryimage"},"thumbnailUrl":"https:\/\/houbencoaching.com\/wp-content\/uploads\/elementor\/thumbs\/AV_00229_2-q7wmmzlk34utkpfu8p24pitvq76c7v64qw95p7f82o.jpg","datePublished":"2023-05-26T10:03:04+00:00","dateModified":"2024-04-30T07:52:05+00:00","description":"Es ist Zeit, Deine innere St\u00e4rke zu entdecken und Dein wahres Potenzial zu entfesseln! Als Life & Business Coach begleite ich Dich auf Deinem Weg zu einem gl\u00fccklicheren und erf\u00fcllteren Leben. Hier erf\u00e4hrst Du mehr \u00fcber mich...","breadcrumb":{"@id":"https:\/\/houbencoaching.com\/stephanie-houben\/#breadcrumb"},"inLanguage":"en-US","potentialAction":[{"@type":"ReadAction","target":["https:\/\/houbencoaching.com\/stephanie-houben\/"]}]},{"@type":"ImageObject","inLanguage":"en-US","@id":"https:\/\/houbencoaching.com\/stephanie-houben\/#primaryimage","url":"https:\/\/houbencoaching.com\/wp-content\/uploads\/elementor\/thumbs\/AV_00229_2-q7wmmzlk34utkpfu8p24pitvq76c7v64qw95p7f82o.jpg","contentUrl":"https:\/\/houbencoaching.com\/wp-content\/uploads\/elementor\/thumbs\/AV_00229_2-q7wmmzlk34utkpfu8p24pitvq76c7v64qw95p7f82o.jpg"},{"@type":"BreadcrumbList","@id":"https:\/\/houbencoaching.com\/stephanie-houben\/#breadcrumb","itemListElement":[{"@type":"ListItem","position":1,"name":"Startseite","item":"https:\/\/houbencoaching.com\/"},{"@type":"ListItem","position":2,"name":"Stephanie Houben"}]},{"@type":"WebSite","@id":"https:\/\/houbencoaching.com\/#website","url":"https:\/\/houbencoaching.com\/","name":"Stephanie Houben - Female Empowerment","description":"Get clarity for your life and be happier","publisher":{"@id":"https:\/\/houbencoaching.com\/#\/schema\/person\/d53ff59bb4eab42ce397cca359c06604"},"potentialAction":[{"@type":"SearchAction","target":{"@type":"EntryPoint","urlTemplate":"https:\/\/houbencoaching.com\/?s={search_term_string}"},"query-input":{"@type":"PropertyValueSpecification","valueRequired":true,"valueName":"search_term_string"}}],"inLanguage":"en-US"},{"@type":["Person","Organization"],"@id":"https:\/\/houbencoaching.com\/#\/schema\/person\/d53ff59bb4eab42ce397cca359c06604","name":"Stephanie Houben","image":{"@type":"ImageObject","inLanguage":"en-US","@id":"https:\/\/houbencoaching.com\/wp-content\/uploads\/cropped-Logo-Houben-C.png","url":"https:\/\/houbencoaching.com\/wp-content\/uploads\/cropped-Logo-Houben-C.png","contentUrl":"https:\/\/houbencoaching.com\/wp-content\/uploads\/cropped-Logo-Houben-C.png","width":512,"height":512,"caption":"Stephanie Houben"},"logo":{"@id":"https:\/\/houbencoaching.com\/wp-content\/uploads\/cropped-Logo-Houben-C.png"},"sameAs":["https:\/\/www.facebook.com\/houbencoaching","https:\/\/www.instagram.com\/steph.houben\/"]}]}},"_links":{"self":[{"href":"https:\/\/houbencoaching.com\/en\/wp-json\/wp\/v2\/pages\/1652","targetHints":{"allow":["GET"]}}],"collection":[{"href":"https:\/\/houbencoaching.com\/en\/wp-json\/wp\/v2\/pages"}],"about":[{"href":"https:\/\/houbencoaching.com\/en\/wp-json\/wp\/v2\/types\/page"}],"author":[{"embeddable":true,"href":"https:\/\/houbencoaching.com\/en\/wp-json\/wp\/v2\/users\/2"}],"replies":[{"embeddable":true,"href":"https:\/\/houbencoaching.com\/en\/wp-json\/wp\/v2\/comments?post=1652"}],"version-history":[{"count":79,"href":"https:\/\/houbencoaching.com\/en\/wp-json\/wp\/v2\/pages\/1652\/revisions"}],"predecessor-version":[{"id":3136,"href":"https:\/\/houbencoaching.com\/en\/wp-json\/wp\/v2\/pages\/1652\/revisions\/3136"}],"wp:attachment":[{"href":"https:\/\/houbencoaching.com\/en\/wp-json\/wp\/v2\/media?parent=1652"}],"curies":[{"name":"wp","href":"https:\/\/api.w.org\/{rel}","templated":true}]}}