{"id":10,"date":"2022-10-20T15:15:01","date_gmt":"2022-10-20T13:15:01","guid":{"rendered":"https:\/\/demo.athemes.com\/botiga-furniture-el\/?page_id=10"},"modified":"2025-03-18T10:52:02","modified_gmt":"2025-03-18T09:52:02","slug":"contact","status":"publish","type":"page","link":"https:\/\/houbencoaching.com\/en\/contact\/","title":{"rendered":"Kontakt"},"content":{"rendered":"\n<div data-elementor-type=\"wp-page\" data-elementor-id=\"10\" class=\"elementor elementor-10\">\n<section class=\"elementor-section elementor-top-section elementor-element elementor-element-157f3ad elementor-section-boxed elementor-section-height-default elementor-section-height-default\" data-id=\"157f3ad\" data-element_type=\"section\" data-e-type=\"section\">\n<div class=\"elementor-container elementor-column-gap-default\">\n<div class=\"elementor-column elementor-col-100 elementor-top-column elementor-element elementor-element-62ade8f\" data-id=\"62ade8f\" data-element_type=\"column\" data-e-type=\"column\">\n<div class=\"elementor-widget-wrap elementor-element-populated\">\n<div class=\"elementor-element elementor-element-e5a919b elementor-invisible elementor-widget elementor-widget-heading\" data-id=\"e5a919b\" data-element_type=\"widget\" data-e-type=\"widget\" data-settings=\"{&quot;_animation&quot;:&quot;fadeInUpShorter&quot;,&quot;_animation_delay&quot;:200}\" data-widget_type=\"heading.default\">\n<div class=\"elementor-widget-container\">\n<h1 class=\"elementor-heading-title elementor-size-default\">Kontakt<\/h1>\n<\/p><\/div>\n<\/p><\/div>\n<\/p><\/div>\n<\/p><\/div>\n<\/p><\/div>\n<\/section>\n<section class=\"elementor-section elementor-top-section elementor-element elementor-element-0d136ac elementor-section-boxed elementor-section-height-default elementor-section-height-default\" data-id=\"0d136ac\" data-element_type=\"section\" data-e-type=\"section\">\n<div class=\"elementor-container elementor-column-gap-default\">\n<div class=\"elementor-column elementor-col-100 elementor-top-column elementor-element elementor-element-1071cfc\" data-id=\"1071cfc\" data-element_type=\"column\" data-e-type=\"column\">\n<div class=\"elementor-widget-wrap elementor-element-populated\">\n<div class=\"elementor-element elementor-element-1f26b2c elementor-invisible elementor-widget elementor-widget-heading\" data-id=\"1f26b2c\" data-element_type=\"widget\" data-e-type=\"widget\" data-settings=\"{&quot;_animation&quot;:&quot;fadeInUpShorter&quot;,&quot;_animation_delay&quot;:400}\" data-widget_type=\"heading.default\">\n<div class=\"elementor-widget-container\">\n<h2 class=\"elementor-heading-title elementor-size-default\">Wenn Du bis hierhin gelesen hast, wei\u00dft Du, dass Du gerade kurz davorstehst,<br \/>\ndie gr\u00f6\u00dfte Ver\u00e4nderungschance Deines Lebens wahrzunehmen.<\/p>\n<p>Du bist bereit, Dein Leben zu ver\u00e4ndern?<br \/>\nDann setze Dich gerne mit mir in Verbindung!<br \/>\n<\/h2>\n<\/p><\/div>\n<\/p><\/div>\n<div class=\"elementor-element elementor-element-7932028 elementor-align-center elementor-widget elementor-widget-button\" data-id=\"7932028\" data-element_type=\"widget\" data-e-type=\"widget\" data-widget_type=\"button.default\">\n<div class=\"elementor-widget-container\">\n<div class=\"elementor-button-wrapper\">\n\t\t\t\t\t<a class=\"elementor-button elementor-button-link elementor-size-md\" href=\"https:\/\/calendly.com\/houben-coaching\/30min\"><br \/>\n\t\t\t\t\t\t<span class=\"elementor-button-content-wrapper\"><br \/>\n\t\t\t\t\t\t\t\t\t<span class=\"elementor-button-text\">&gt;&gt; Jetzt kostenloses Erstgespr\u00e4ch sichern!<\/span><br \/>\n\t\t\t\t\t<\/span><br \/>\n\t\t\t\t\t<\/a>\n\t\t\t\t<\/div>\n<\/p><\/div>\n<\/p><\/div>\n<\/p><\/div>\n<\/p><\/div>\n<\/p><\/div>\n<\/section>\n<section class=\"elementor-section elementor-top-section elementor-element elementor-element-b1c06d9 elementor-section-boxed elementor-section-height-default elementor-section-height-default\" data-id=\"b1c06d9\" data-element_type=\"section\" data-e-type=\"section\">\n<div class=\"elementor-container elementor-column-gap-default\">\n<div class=\"elementor-column elementor-col-50 elementor-top-column elementor-element elementor-element-ebbb788 elementor-invisible\" data-id=\"ebbb788\" data-element_type=\"column\" data-e-type=\"column\" data-settings=\"{&quot;animation&quot;:&quot;fadeInLeftShorter&quot;,&quot;animation_delay&quot;:600}\">\n<div class=\"elementor-widget-wrap elementor-element-populated\">\n<div class=\"elementor-element elementor-element-3861fec elementor-widget-divider--view-line elementor-widget elementor-widget-divider\" data-id=\"3861fec\" data-element_type=\"widget\" data-e-type=\"widget\" data-widget_type=\"divider.default\">\n<div class=\"elementor-widget-container\">\n<div class=\"elementor-divider\">\n\t\t\t<span class=\"elementor-divider-separator\"><br \/>\n\t\t\t\t\t\t<\/span>\n\t\t<\/div>\n<\/p><\/div>\n<\/p><\/div>\n<div class=\"elementor-element elementor-element-66394e5 elementor-widget elementor-widget-heading\" data-id=\"66394e5\" data-element_type=\"widget\" data-e-type=\"widget\" data-widget_type=\"heading.default\">\n<div class=\"elementor-widget-container\">\n<h1 class=\"elementor-heading-title elementor-size-default\">Fragen?<\/h1>\n<\/p><\/div>\n<\/p><\/div>\n<div class=\"elementor-element elementor-element-b501ecf elementor-widget elementor-widget-text-editor\" data-id=\"b501ecf\" data-element_type=\"widget\" data-e-type=\"widget\" data-widget_type=\"text-editor.default\">\n<div class=\"elementor-widget-container\">\n<p>F\u00fcr weitere Fragen schreibe einfach eine Email an <a href=\"mailto:stephanie@houbencoaching.com\">stephanie@houbencoaching.com<\/a><\/p>\n<\/p><\/div>\n<\/p><\/div>\n<\/p><\/div>\n<\/p><\/div>\n<div class=\"elementor-column elementor-col-50 elementor-top-column elementor-element elementor-element-5bb3b44 elementor-invisible\" data-id=\"5bb3b44\" data-element_type=\"column\" data-e-type=\"column\" data-settings=\"{&quot;animation&quot;:&quot;fadeInLeftShorter&quot;,&quot;animation_delay&quot;:1000}\">\n<div class=\"elementor-widget-wrap elementor-element-populated\">\n<div class=\"elementor-element elementor-element-4fd629c elementor-widget-divider--view-line elementor-widget elementor-widget-divider\" data-id=\"4fd629c\" data-element_type=\"widget\" data-e-type=\"widget\" data-widget_type=\"divider.default\">\n<div class=\"elementor-widget-container\">\n<div class=\"elementor-divider\">\n\t\t\t<span class=\"elementor-divider-separator\"><br \/>\n\t\t\t\t\t\t<\/span>\n\t\t<\/div>\n<\/p><\/div>\n<\/p><\/div>\n<div class=\"elementor-element elementor-element-64264f7 elementor-widget elementor-widget-heading\" data-id=\"64264f7\" data-element_type=\"widget\" data-e-type=\"widget\" data-widget_type=\"heading.default\">\n<div class=\"elementor-widget-container\">\n<h1 class=\"elementor-heading-title elementor-size-default\">Folge mir<\/h1>\n<\/p><\/div>\n<\/p><\/div>\n<div class=\"elementor-element elementor-element-37515d9 e-grid-align-left elementor-shape-rounded elementor-grid-0 elementor-widget elementor-widget-social-icons\" data-id=\"37515d9\" data-element_type=\"widget\" data-e-type=\"widget\" data-widget_type=\"social-icons.default\">\n<div class=\"elementor-widget-container\">\n<div class=\"elementor-social-icons-wrapper elementor-grid\" role=\"list\">\n\t\t\t\t\t\t\t<span class=\"elementor-grid-item\" role=\"listitem\"><br \/>\n\t\t\t\t\t<a class=\"elementor-icon elementor-social-icon elementor-social-icon-facebook elementor-repeater-item-a84b118\" href=\"https:\/\/www.facebook.com\/houbencoaching\" target=\"_blank\"><br \/>\n\t\t\t\t\t\t<span class=\"elementor-screen-only\">Facebook<\/span><br \/>\n\t\t\t\t\t\t<i aria-hidden=\"true\" class=\"fab fa-facebook\"><\/i>\t\t\t\t\t<\/a><br \/>\n\t\t\t\t<\/span><br \/>\n\t\t\t\t\t\t\t<span class=\"elementor-grid-item\" role=\"listitem\"><br \/>\n\t\t\t\t\t<a class=\"elementor-icon elementor-social-icon elementor-social-icon-instagram elementor-repeater-item-7d62a7c\" href=\"https:\/\/www.instagram.com\/steph.houben\/\" target=\"_blank\"><br \/>\n\t\t\t\t\t\t<span class=\"elementor-screen-only\">Instagram<\/span><br \/>\n\t\t\t\t\t\t<i aria-hidden=\"true\" class=\"fab fa-instagram\"><\/i>\t\t\t\t\t<\/a><br \/>\n\t\t\t\t<\/span><br \/>\n\t\t\t\t\t\t\t<span class=\"elementor-grid-item\" role=\"listitem\"><br \/>\n\t\t\t\t\t<a class=\"elementor-icon elementor-social-icon elementor-social-icon-linkedin elementor-repeater-item-c56680e\" href=\"https:\/\/www.linkedin.com\/in\/stephanie-houben-a8bb5a77\/\" target=\"_blank\"><br \/>\n\t\t\t\t\t\t<span class=\"elementor-screen-only\">Linkedin<\/span><br \/>\n\t\t\t\t\t\t<i aria-hidden=\"true\" class=\"fab fa-linkedin\"><\/i>\t\t\t\t\t<\/a><br \/>\n\t\t\t\t<\/span>\n\t\t\t\t\t<\/div>\n<\/p><\/div>\n<\/p><\/div>\n<\/p><\/div>\n<\/p><\/div>\n<\/p><\/div>\n<\/section><\/div>\n","protected":false},"excerpt":{"rendered":"<p>Kontakt Wenn Du bis hierhin gelesen hast, wei\u00dft Du, dass Du gerade kurz davorstehst, die gr\u00f6\u00dfte Ver\u00e4nderungschance Deines Lebens wahrzunehmen. Du bist bereit, Dein Leben zu ver\u00e4ndern? Dann setze Dich gerne mit mir in Verbindung! >> Jetzt kostenloses Erstgespr\u00e4ch sichern! Fragen? F\u00fcr weitere Fragen schreibe einfach eine Email an stephanie@houbencoaching.com Folge mir Facebook Instagram Linkedin<\/p>\n","protected":false},"author":2,"featured_media":0,"parent":0,"menu_order":3,"comment_status":"closed","ping_status":"closed","template":"elementor_header_footer","meta":{"content-type":"","ocean_post_layout":"","ocean_both_sidebars_style":"","ocean_both_sidebars_content_width":0,"ocean_both_sidebars_sidebars_width":0,"ocean_sidebar":"","ocean_second_sidebar":"","ocean_disable_margins":"enable","ocean_add_body_class":"","ocean_shortcode_before_top_bar":"","ocean_shortcode_after_top_bar":"","ocean_shortcode_before_header":"","ocean_shortcode_after_header":"","ocean_has_shortcode":"","ocean_shortcode_after_title":"","ocean_shortcode_before_footer_widgets":"","ocean_shortcode_after_footer_widgets":"","ocean_shortcode_before_footer_bottom":"","ocean_shortcode_after_footer_bottom":"","ocean_display_top_bar":"default","ocean_display_header":"default","ocean_header_style":"","ocean_center_header_left_menu":"","ocean_custom_header_template":"","ocean_custom_logo":0,"ocean_custom_retina_logo":0,"ocean_custom_logo_max_width":0,"ocean_custom_logo_tablet_max_width":0,"ocean_custom_logo_mobile_max_width":0,"ocean_custom_logo_max_height":0,"ocean_custom_logo_tablet_max_height":0,"ocean_custom_logo_mobile_max_height":0,"ocean_header_custom_menu":"","ocean_menu_typo_font_family":"","ocean_menu_typo_font_subset":"","ocean_menu_typo_font_size":0,"ocean_menu_typo_font_size_tablet":0,"ocean_menu_typo_font_size_mobile":0,"ocean_menu_typo_font_size_unit":"px","ocean_menu_typo_font_weight":"","ocean_menu_typo_font_weight_tablet":"","ocean_menu_typo_font_weight_mobile":"","ocean_menu_typo_transform":"","ocean_menu_typo_transform_tablet":"","ocean_menu_typo_transform_mobile":"","ocean_menu_typo_line_height":0,"ocean_menu_typo_line_height_tablet":0,"ocean_menu_typo_line_height_mobile":0,"ocean_menu_typo_line_height_unit":"","ocean_menu_typo_spacing":0,"ocean_menu_typo_spacing_tablet":0,"ocean_menu_typo_spacing_mobile":0,"ocean_menu_typo_spacing_unit":"","ocean_menu_link_color":"","ocean_menu_link_color_hover":"","ocean_menu_link_color_active":"","ocean_menu_link_background":"","ocean_menu_link_hover_background":"","ocean_menu_link_active_background":"","ocean_menu_social_links_bg":"","ocean_menu_social_hover_links_bg":"","ocean_menu_social_links_color":"","ocean_menu_social_hover_links_color":"","ocean_disable_title":"default","ocean_disable_heading":"default","ocean_post_title":"","ocean_post_subheading":"","ocean_post_title_style":"","ocean_post_title_background_color":"","ocean_post_title_background":0,"ocean_post_title_bg_image_position":"","ocean_post_title_bg_image_attachment":"","ocean_post_title_bg_image_repeat":"","ocean_post_title_bg_image_size":"","ocean_post_title_height":0,"ocean_post_title_bg_overlay":0.5,"ocean_post_title_bg_overlay_color":"","ocean_disable_breadcrumbs":"default","ocean_breadcrumbs_color":"","ocean_breadcrumbs_separator_color":"","ocean_breadcrumbs_links_color":"","ocean_breadcrumbs_links_hover_color":"","ocean_display_footer_widgets":"default","ocean_display_footer_bottom":"default","ocean_custom_footer_template":"","footnotes":""},"class_list":["post-10","page","type-page","status-publish","hentry","entry","owp-thumbs-layout-horizontal","owp-btn-normal","owp-tabs-layout-horizontal","has-no-thumbnails","has-product-nav"],"translation":{"provider":"WPGlobus","version":"3.0.2","language":"en","enabled_languages":["de","en"],"languages":{"de":{"title":true,"content":true,"excerpt":false},"en":{"title":false,"content":false,"excerpt":false}}},"yoast_head":"<!-- This site is optimized with the Yoast SEO plugin v27.4 - https:\/\/yoast.com\/product\/yoast-seo-wordpress\/ -->\n<title>Kontakt - Stephanie Houben - Female Empowerment<\/title>\n<meta name=\"robots\" content=\"index, follow, max-snippet:-1, max-image-preview:large, max-video-preview:-1\" \/>\n<link rel=\"canonical\" href=\"https:\/\/houbencoaching.com\/contact\/\" \/>\n<meta property=\"og:locale\" content=\"en_US\" \/>\n<meta property=\"og:type\" content=\"article\" \/>\n<meta property=\"og:title\" content=\"Kontakt - Stephanie Houben - Female Empowerment\" \/>\n<meta property=\"og:url\" content=\"https:\/\/houbencoaching.com\/contact\/\" \/>\n<meta property=\"og:site_name\" content=\"Stephanie Houben - Female Empowerment\" \/>\n<meta property=\"article:publisher\" content=\"https:\/\/www.facebook.com\/houbencoaching\" \/>\n<meta property=\"article:modified_time\" content=\"2025-03-18T09:52:02+00:00\" \/>\n<meta property=\"og:image\" content=\"https:\/\/houbencoaching.com\/wp-content\/uploads\/cropped-Logo-Houben-C.png\" \/>\n\t<meta property=\"og:image:width\" content=\"512\" \/>\n\t<meta property=\"og:image:height\" content=\"512\" \/>\n\t<meta property=\"og:image:type\" content=\"image\/png\" \/>\n<meta name=\"twitter:card\" content=\"summary_large_image\" \/>\n<meta name=\"twitter:label1\" content=\"Est. reading time\" \/>\n\t<meta name=\"twitter:data1\" content=\"1 minute\" \/>\n<script type=\"application\/ld+json\" class=\"yoast-schema-graph\">{\"@context\":\"https:\\\/\\\/schema.org\",\"@graph\":[{\"@type\":\"WebPage\",\"@id\":\"https:\\\/\\\/houbencoaching.com\\\/contact\\\/\",\"url\":\"https:\\\/\\\/houbencoaching.com\\\/contact\\\/\",\"name\":\"Kontakt - Stephanie Houben - Female Empowerment\",\"isPartOf\":{\"@id\":\"https:\\\/\\\/houbencoaching.com\\\/#website\"},\"datePublished\":\"2022-10-20T13:15:01+00:00\",\"dateModified\":\"2025-03-18T09:52:02+00:00\",\"breadcrumb\":{\"@id\":\"https:\\\/\\\/houbencoaching.com\\\/contact\\\/#breadcrumb\"},\"inLanguage\":\"en-US\",\"potentialAction\":[{\"@type\":\"ReadAction\",\"target\":[\"https:\\\/\\\/houbencoaching.com\\\/contact\\\/\"]}]},{\"@type\":\"BreadcrumbList\",\"@id\":\"https:\\\/\\\/houbencoaching.com\\\/contact\\\/#breadcrumb\",\"itemListElement\":[{\"@type\":\"ListItem\",\"position\":1,\"name\":\"Startseite\",\"item\":\"https:\\\/\\\/houbencoaching.com\\\/\"},{\"@type\":\"ListItem\",\"position\":2,\"name\":\"Kontakt\"}]},{\"@type\":\"WebSite\",\"@id\":\"https:\\\/\\\/houbencoaching.com\\\/#website\",\"url\":\"https:\\\/\\\/houbencoaching.com\\\/\",\"name\":\"Stephanie Houben - Female Empowerment\",\"description\":\"Get clarity for your life and be happier\",\"publisher\":{\"@id\":\"https:\\\/\\\/houbencoaching.com\\\/#\\\/schema\\\/person\\\/d53ff59bb4eab42ce397cca359c06604\"},\"potentialAction\":[{\"@type\":\"SearchAction\",\"target\":{\"@type\":\"EntryPoint\",\"urlTemplate\":\"https:\\\/\\\/houbencoaching.com\\\/?s={search_term_string}\"},\"query-input\":{\"@type\":\"PropertyValueSpecification\",\"valueRequired\":true,\"valueName\":\"search_term_string\"}}],\"inLanguage\":\"en-US\"},{\"@type\":[\"Person\",\"Organization\"],\"@id\":\"https:\\\/\\\/houbencoaching.com\\\/#\\\/schema\\\/person\\\/d53ff59bb4eab42ce397cca359c06604\",\"name\":\"Stephanie Houben\",\"image\":{\"@type\":\"ImageObject\",\"inLanguage\":\"en-US\",\"@id\":\"https:\\\/\\\/houbencoaching.com\\\/wp-content\\\/uploads\\\/cropped-Logo-Houben-C.png\",\"url\":\"https:\\\/\\\/houbencoaching.com\\\/wp-content\\\/uploads\\\/cropped-Logo-Houben-C.png\",\"contentUrl\":\"https:\\\/\\\/houbencoaching.com\\\/wp-content\\\/uploads\\\/cropped-Logo-Houben-C.png\",\"width\":512,\"height\":512,\"caption\":\"Stephanie Houben\"},\"logo\":{\"@id\":\"https:\\\/\\\/houbencoaching.com\\\/wp-content\\\/uploads\\\/cropped-Logo-Houben-C.png\"},\"sameAs\":[\"https:\\\/\\\/www.facebook.com\\\/houbencoaching\",\"https:\\\/\\\/www.instagram.com\\\/steph.houben\\\/\"]}]}<\/script>\n<!-- \/ Yoast SEO plugin. -->","yoast_head_json":{"title":"Kontakt - Stephanie Houben - Female Empowerment","robots":{"index":"index","follow":"follow","max-snippet":"max-snippet:-1","max-image-preview":"max-image-preview:large","max-video-preview":"max-video-preview:-1"},"canonical":"https:\/\/houbencoaching.com\/contact\/","og_locale":"en_US","og_type":"article","og_title":"Kontakt - Stephanie Houben - Female Empowerment","og_url":"https:\/\/houbencoaching.com\/contact\/","og_site_name":"Stephanie Houben - Female Empowerment","article_publisher":"https:\/\/www.facebook.com\/houbencoaching","article_modified_time":"2025-03-18T09:52:02+00:00","og_image":[{"width":512,"height":512,"url":"https:\/\/houbencoaching.com\/wp-content\/uploads\/cropped-Logo-Houben-C.png","type":"image\/png"}],"twitter_card":"summary_large_image","twitter_misc":{"Est. reading time":"1 minute"},"schema":{"@context":"https:\/\/schema.org","@graph":[{"@type":"WebPage","@id":"https:\/\/houbencoaching.com\/contact\/","url":"https:\/\/houbencoaching.com\/contact\/","name":"Kontakt - Stephanie Houben - Female Empowerment","isPartOf":{"@id":"https:\/\/houbencoaching.com\/#website"},"datePublished":"2022-10-20T13:15:01+00:00","dateModified":"2025-03-18T09:52:02+00:00","breadcrumb":{"@id":"https:\/\/houbencoaching.com\/contact\/#breadcrumb"},"inLanguage":"en-US","potentialAction":[{"@type":"ReadAction","target":["https:\/\/houbencoaching.com\/contact\/"]}]},{"@type":"BreadcrumbList","@id":"https:\/\/houbencoaching.com\/contact\/#breadcrumb","itemListElement":[{"@type":"ListItem","position":1,"name":"Startseite","item":"https:\/\/houbencoaching.com\/"},{"@type":"ListItem","position":2,"name":"Kontakt"}]},{"@type":"WebSite","@id":"https:\/\/houbencoaching.com\/#website","url":"https:\/\/houbencoaching.com\/","name":"Stephanie Houben - Female Empowerment","description":"Get clarity for your life and be happier","publisher":{"@id":"https:\/\/houbencoaching.com\/#\/schema\/person\/d53ff59bb4eab42ce397cca359c06604"},"potentialAction":[{"@type":"SearchAction","target":{"@type":"EntryPoint","urlTemplate":"https:\/\/houbencoaching.com\/?s={search_term_string}"},"query-input":{"@type":"PropertyValueSpecification","valueRequired":true,"valueName":"search_term_string"}}],"inLanguage":"en-US"},{"@type":["Person","Organization"],"@id":"https:\/\/houbencoaching.com\/#\/schema\/person\/d53ff59bb4eab42ce397cca359c06604","name":"Stephanie Houben","image":{"@type":"ImageObject","inLanguage":"en-US","@id":"https:\/\/houbencoaching.com\/wp-content\/uploads\/cropped-Logo-Houben-C.png","url":"https:\/\/houbencoaching.com\/wp-content\/uploads\/cropped-Logo-Houben-C.png","contentUrl":"https:\/\/houbencoaching.com\/wp-content\/uploads\/cropped-Logo-Houben-C.png","width":512,"height":512,"caption":"Stephanie Houben"},"logo":{"@id":"https:\/\/houbencoaching.com\/wp-content\/uploads\/cropped-Logo-Houben-C.png"},"sameAs":["https:\/\/www.facebook.com\/houbencoaching","https:\/\/www.instagram.com\/steph.houben\/"]}]}},"_links":{"self":[{"href":"https:\/\/houbencoaching.com\/en\/wp-json\/wp\/v2\/pages\/10","targetHints":{"allow":["GET"]}}],"collection":[{"href":"https:\/\/houbencoaching.com\/en\/wp-json\/wp\/v2\/pages"}],"about":[{"href":"https:\/\/houbencoaching.com\/en\/wp-json\/wp\/v2\/types\/page"}],"author":[{"embeddable":true,"href":"https:\/\/houbencoaching.com\/en\/wp-json\/wp\/v2\/users\/2"}],"replies":[{"embeddable":true,"href":"https:\/\/houbencoaching.com\/en\/wp-json\/wp\/v2\/comments?post=10"}],"version-history":[{"count":28,"href":"https:\/\/houbencoaching.com\/en\/wp-json\/wp\/v2\/pages\/10\/revisions"}],"predecessor-version":[{"id":3181,"href":"https:\/\/houbencoaching.com\/en\/wp-json\/wp\/v2\/pages\/10\/revisions\/3181"}],"wp:attachment":[{"href":"https:\/\/houbencoaching.com\/en\/wp-json\/wp\/v2\/media?parent=10"}],"curies":[{"name":"wp","href":"https:\/\/api.w.org\/{rel}","templated":true}]}}